{"id":8610,"date":"2025-06-21T03:15:58","date_gmt":"2025-06-20T21:15:58","guid":{"rendered":"https:\/\/alpiste.co.cr\/?post_type=product&#038;p=8610"},"modified":"2025-12-29T23:15:36","modified_gmt":"2025-12-29T17:15:36","slug":"milsetentayseis-la-pena-rosado","status":"publish","type":"product","link":"https:\/\/alpiste.co.cr\/en\/product\/milsetentayseis-la-pena-rosado\/","title":{"rendered":"Mara\u00f1ones Pe\u00f1a Caballera"},"content":{"rendered":"","protected":false},"excerpt":{"rendered":"<p data-ccp-props=\"{&quot;335551550&quot;:2,&quot;335551620&quot;:2,&quot;335559683&quot;:0,&quot;335559685&quot;:0,&quot;335559731&quot;:0,&quot;335559737&quot;:0,&quot;335562764&quot;:2,&quot;335562765&quot;:1,&quot;335562766&quot;:2,&quot;335562767&quot;:0.5,&quot;335562768&quot;:4,&quot;335562769&quot;:0}\"><span data-usefontface=\"true\" data-contrast=\"none\">Pe\u00f1a Caballera es un vino que procede de una \u00fanica parcela que se sit\u00faa en la zona superior de la finca <\/span><span data-usefontface=\"true\" data-contrast=\"none\">Mara\u00f1ones, la m\u00e1xima expresi\u00f3n de la garnacha del entorno.<\/span>\u200b <span data-usefontface=\"true\" data-contrast=\"none\">Es la expresi\u00f3n plena de una vi\u00f1a excepcional gracias a su filosof\u00eda de respeto en su viticultura y en la <\/span><span data-usefontface=\"true\" data-contrast=\"none\">elaboraci\u00f3n.<\/span>\u200b<\/p>\n<p data-ccp-props=\"{&quot;335551550&quot;:2,&quot;335551620&quot;:2,&quot;335559683&quot;:0,&quot;335559685&quot;:0,&quot;335559731&quot;:0,&quot;335559737&quot;:0,&quot;335562764&quot;:2,&quot;335562765&quot;:1,&quot;335562766&quot;:2,&quot;335562767&quot;:0.5,&quot;335562768&quot;:4,&quot;335562769&quot;:0}\"><span data-usefontface=\"true\" data-contrast=\"none\">De producci\u00f3n muy exclusiva y escasos rendimientos, tan solo 2.000 botellas al a\u00f1o son las que el mercado <\/span><span data-usefontface=\"true\" data-contrast=\"none\">mundial puede disfrutar.<\/span> \u200b<\/p>","protected":false},"featured_media":8613,"comment_status":"closed","ping_status":"closed","template":"","meta":{"_acf_changed":false},"product_cat":[127,141],"product_tag":[],"pais-productos":[388,253,85],"marca-productos":[703],"acf":[],"_links":{"self":[{"href":"https:\/\/alpiste.co.cr\/en\/wp-json\/wp\/v2\/product\/8610"}],"collection":[{"href":"https:\/\/alpiste.co.cr\/en\/wp-json\/wp\/v2\/product"}],"about":[{"href":"https:\/\/alpiste.co.cr\/en\/wp-json\/wp\/v2\/types\/product"}],"replies":[{"embeddable":true,"href":"https:\/\/alpiste.co.cr\/en\/wp-json\/wp\/v2\/comments?post=8610"}],"wp:featuredmedia":[{"embeddable":true,"href":"https:\/\/alpiste.co.cr\/en\/wp-json\/wp\/v2\/media\/8613"}],"wp:attachment":[{"href":"https:\/\/alpiste.co.cr\/en\/wp-json\/wp\/v2\/media?parent=8610"}],"wp:term":[{"taxonomy":"product_cat","embeddable":true,"href":"https:\/\/alpiste.co.cr\/en\/wp-json\/wp\/v2\/product_cat?post=8610"},{"taxonomy":"product_tag","embeddable":true,"href":"https:\/\/alpiste.co.cr\/en\/wp-json\/wp\/v2\/product_tag?post=8610"},{"taxonomy":"pais-productos","embeddable":true,"href":"https:\/\/alpiste.co.cr\/en\/wp-json\/wp\/v2\/pais-productos?post=8610"},{"taxonomy":"marca-productos","embeddable":true,"href":"https:\/\/alpiste.co.cr\/en\/wp-json\/wp\/v2\/marca-productos?post=8610"}],"curies":[{"name":"wp","href":"https:\/\/api.w.org\/{rel}","templated":true}]}}