{"id":8605,"date":"2025-06-21T01:11:41","date_gmt":"2025-06-20T19:11:41","guid":{"rendered":"https:\/\/alpiste.co.cr\/?post_type=product&#038;p=8605"},"modified":"2025-12-29T22:51:09","modified_gmt":"2025-12-29T16:51:09","slug":"vino-maranones-garnacha-750ml-2","status":"publish","type":"product","link":"https:\/\/alpiste.co.cr\/en\/product\/vino-maranones-garnacha-750ml-2\/","title":{"rendered":"Mara\u00f1ones Garnacha"},"content":{"rendered":"","protected":false},"excerpt":{"rendered":"<p class=\"p1\">El nombre del vino nos recuerda al ara\u00f1\u00f3n, tal y como se conoce el fruto que nace de los endrinos en algunas regiones espa\u00f1olas.<\/p>","protected":false},"featured_media":8608,"comment_status":"closed","ping_status":"closed","template":"","meta":{"_acf_changed":false},"product_cat":[127,141],"product_tag":[],"pais-productos":[85,707],"marca-productos":[703],"acf":[],"_links":{"self":[{"href":"https:\/\/alpiste.co.cr\/en\/wp-json\/wp\/v2\/product\/8605"}],"collection":[{"href":"https:\/\/alpiste.co.cr\/en\/wp-json\/wp\/v2\/product"}],"about":[{"href":"https:\/\/alpiste.co.cr\/en\/wp-json\/wp\/v2\/types\/product"}],"replies":[{"embeddable":true,"href":"https:\/\/alpiste.co.cr\/en\/wp-json\/wp\/v2\/comments?post=8605"}],"wp:featuredmedia":[{"embeddable":true,"href":"https:\/\/alpiste.co.cr\/en\/wp-json\/wp\/v2\/media\/8608"}],"wp:attachment":[{"href":"https:\/\/alpiste.co.cr\/en\/wp-json\/wp\/v2\/media?parent=8605"}],"wp:term":[{"taxonomy":"product_cat","embeddable":true,"href":"https:\/\/alpiste.co.cr\/en\/wp-json\/wp\/v2\/product_cat?post=8605"},{"taxonomy":"product_tag","embeddable":true,"href":"https:\/\/alpiste.co.cr\/en\/wp-json\/wp\/v2\/product_tag?post=8605"},{"taxonomy":"pais-productos","embeddable":true,"href":"https:\/\/alpiste.co.cr\/en\/wp-json\/wp\/v2\/pais-productos?post=8605"},{"taxonomy":"marca-productos","embeddable":true,"href":"https:\/\/alpiste.co.cr\/en\/wp-json\/wp\/v2\/marca-productos?post=8605"}],"curies":[{"name":"wp","href":"https:\/\/api.w.org\/{rel}","templated":true}]}}