{"id":8601,"date":"2025-06-21T01:02:02","date_gmt":"2025-06-20T19:02:02","guid":{"rendered":"https:\/\/alpiste.co.cr\/?post_type=product&#038;p=8601"},"modified":"2025-12-29T22:47:53","modified_gmt":"2025-12-29T16:47:53","slug":"vino-30-000-maravedies","status":"publish","type":"product","link":"https:\/\/alpiste.co.cr\/en\/product\/vino-30-000-maravedies\/","title":{"rendered":"Vino 30.000 Maraved\u00edes"},"content":{"rendered":"","protected":false},"excerpt":{"rendered":"<p class=\"p1\">Un vino especial que hace con su nombre un gui\u00f1o a la historia de las tierras de esta bodega, ya que 30mil maraved\u00edes resulta el precio que \u00c1lvaro de Luna pago por el Se\u00f1or\u00edo donde los monjes cultivaban la vid.<\/p>","protected":false},"featured_media":8604,"comment_status":"closed","ping_status":"closed","template":"","meta":{"_acf_changed":false},"product_cat":[127,141],"product_tag":[],"pais-productos":[85],"marca-productos":[703],"acf":[],"_links":{"self":[{"href":"https:\/\/alpiste.co.cr\/en\/wp-json\/wp\/v2\/product\/8601"}],"collection":[{"href":"https:\/\/alpiste.co.cr\/en\/wp-json\/wp\/v2\/product"}],"about":[{"href":"https:\/\/alpiste.co.cr\/en\/wp-json\/wp\/v2\/types\/product"}],"replies":[{"embeddable":true,"href":"https:\/\/alpiste.co.cr\/en\/wp-json\/wp\/v2\/comments?post=8601"}],"wp:featuredmedia":[{"embeddable":true,"href":"https:\/\/alpiste.co.cr\/en\/wp-json\/wp\/v2\/media\/8604"}],"wp:attachment":[{"href":"https:\/\/alpiste.co.cr\/en\/wp-json\/wp\/v2\/media?parent=8601"}],"wp:term":[{"taxonomy":"product_cat","embeddable":true,"href":"https:\/\/alpiste.co.cr\/en\/wp-json\/wp\/v2\/product_cat?post=8601"},{"taxonomy":"product_tag","embeddable":true,"href":"https:\/\/alpiste.co.cr\/en\/wp-json\/wp\/v2\/product_tag?post=8601"},{"taxonomy":"pais-productos","embeddable":true,"href":"https:\/\/alpiste.co.cr\/en\/wp-json\/wp\/v2\/pais-productos?post=8601"},{"taxonomy":"marca-productos","embeddable":true,"href":"https:\/\/alpiste.co.cr\/en\/wp-json\/wp\/v2\/marca-productos?post=8601"}],"curies":[{"name":"wp","href":"https:\/\/api.w.org\/{rel}","templated":true}]}}