{"id":8597,"date":"2025-06-21T00:49:35","date_gmt":"2025-06-20T18:49:35","guid":{"rendered":"https:\/\/alpiste.co.cr\/?post_type=product&#038;p=8597"},"modified":"2025-12-29T22:40:24","modified_gmt":"2025-12-29T16:40:24","slug":"vino-maranones-garnacha-750ml","status":"publish","type":"product","link":"https:\/\/alpiste.co.cr\/en\/product\/vino-maranones-garnacha-750ml\/","title":{"rendered":"Mara\u00f1ones Picarana Albillo"},"content":{"rendered":"","protected":false},"excerpt":{"rendered":"<p class=\"p1\">Mara\u00f1ones Blanco es el nombre con el que se conoce un tipo de p\u00e1jaro que habita en las colinas de San Mart\u00edn de Valdeiglesias, donde se encuentran los vi\u00f1edos y las instalaciones de la bodega. Los vinos de la empresa, liderada por la pareja de socios formada por Garc\u00eda Alonso y Fernando Cornejo, han obtenido el reconocimiento de las principales gu\u00edas vin\u00edcolas. Mara\u00f1ones es ya una de las bodegas imprescindibles de Vinos de Madrid.<\/p>","protected":false},"featured_media":8600,"comment_status":"closed","ping_status":"closed","template":"","meta":{"_acf_changed":false},"product_cat":[127,141],"product_tag":[],"pais-productos":[85,707],"marca-productos":[703],"acf":[],"_links":{"self":[{"href":"https:\/\/alpiste.co.cr\/en\/wp-json\/wp\/v2\/product\/8597"}],"collection":[{"href":"https:\/\/alpiste.co.cr\/en\/wp-json\/wp\/v2\/product"}],"about":[{"href":"https:\/\/alpiste.co.cr\/en\/wp-json\/wp\/v2\/types\/product"}],"replies":[{"embeddable":true,"href":"https:\/\/alpiste.co.cr\/en\/wp-json\/wp\/v2\/comments?post=8597"}],"wp:featuredmedia":[{"embeddable":true,"href":"https:\/\/alpiste.co.cr\/en\/wp-json\/wp\/v2\/media\/8600"}],"wp:attachment":[{"href":"https:\/\/alpiste.co.cr\/en\/wp-json\/wp\/v2\/media?parent=8597"}],"wp:term":[{"taxonomy":"product_cat","embeddable":true,"href":"https:\/\/alpiste.co.cr\/en\/wp-json\/wp\/v2\/product_cat?post=8597"},{"taxonomy":"product_tag","embeddable":true,"href":"https:\/\/alpiste.co.cr\/en\/wp-json\/wp\/v2\/product_tag?post=8597"},{"taxonomy":"pais-productos","embeddable":true,"href":"https:\/\/alpiste.co.cr\/en\/wp-json\/wp\/v2\/pais-productos?post=8597"},{"taxonomy":"marca-productos","embeddable":true,"href":"https:\/\/alpiste.co.cr\/en\/wp-json\/wp\/v2\/marca-productos?post=8597"}],"curies":[{"name":"wp","href":"https:\/\/api.w.org\/{rel}","templated":true}]}}