{"id":8589,"date":"2025-06-21T00:14:09","date_gmt":"2025-06-20T18:14:09","guid":{"rendered":"https:\/\/alpiste.co.cr\/?post_type=product&#038;p=8589"},"modified":"2025-06-21T03:09:05","modified_gmt":"2025-06-20T21:09:05","slug":"mein-castes-brancas-750ml","status":"publish","type":"product","link":"https:\/\/alpiste.co.cr\/en\/product\/mein-castes-brancas-750ml\/","title":{"rendered":"Me\u00edn Castes Brancas 750ml"},"content":{"rendered":"","protected":false},"excerpt":{"rendered":"<p class=\"p1\">Vino que represente lo mejor de la cosecha del 2018 en Ribeiro, el Vino Blanco Mein de Bodega Vi\u00f1a Mein Emilio Rojo es una elecci\u00f3n excepcional. Cada sorbo de este exquisito vino te transportar\u00e1 a las soleadas tierras de Ribeiro, donde la pasi\u00f3n por el vino y el respeto por la tradici\u00f3n se combinan para crear una experiencia sensorial inolvidable.<\/p>","protected":false},"featured_media":8592,"comment_status":"closed","ping_status":"closed","template":"","meta":{"_acf_changed":false},"product_cat":[127,141],"product_tag":[],"pais-productos":[705,85],"marca-productos":[703],"acf":[],"_links":{"self":[{"href":"https:\/\/alpiste.co.cr\/en\/wp-json\/wp\/v2\/product\/8589"}],"collection":[{"href":"https:\/\/alpiste.co.cr\/en\/wp-json\/wp\/v2\/product"}],"about":[{"href":"https:\/\/alpiste.co.cr\/en\/wp-json\/wp\/v2\/types\/product"}],"replies":[{"embeddable":true,"href":"https:\/\/alpiste.co.cr\/en\/wp-json\/wp\/v2\/comments?post=8589"}],"wp:featuredmedia":[{"embeddable":true,"href":"https:\/\/alpiste.co.cr\/en\/wp-json\/wp\/v2\/media\/8592"}],"wp:attachment":[{"href":"https:\/\/alpiste.co.cr\/en\/wp-json\/wp\/v2\/media?parent=8589"}],"wp:term":[{"taxonomy":"product_cat","embeddable":true,"href":"https:\/\/alpiste.co.cr\/en\/wp-json\/wp\/v2\/product_cat?post=8589"},{"taxonomy":"product_tag","embeddable":true,"href":"https:\/\/alpiste.co.cr\/en\/wp-json\/wp\/v2\/product_tag?post=8589"},{"taxonomy":"pais-productos","embeddable":true,"href":"https:\/\/alpiste.co.cr\/en\/wp-json\/wp\/v2\/pais-productos?post=8589"},{"taxonomy":"marca-productos","embeddable":true,"href":"https:\/\/alpiste.co.cr\/en\/wp-json\/wp\/v2\/marca-productos?post=8589"}],"curies":[{"name":"wp","href":"https:\/\/api.w.org\/{rel}","templated":true}]}}