{"id":8581,"date":"2025-06-20T22:49:54","date_gmt":"2025-06-20T16:49:54","guid":{"rendered":"https:\/\/alpiste.co.cr\/?post_type=product&#038;p=8581"},"modified":"2025-12-29T22:34:22","modified_gmt":"2025-12-29T16:34:22","slug":"vino-ossian-verdejo","status":"publish","type":"product","link":"https:\/\/alpiste.co.cr\/en\/product\/vino-ossian-verdejo\/","title":{"rendered":"Ossian Verdejo"},"content":{"rendered":"","protected":false},"excerpt":{"rendered":"<p class=\"p1\">Ossian 2022 es la representaci\u00f3n de un peque\u00f1o universo de parcelas de la variedad verdejo que custodian siglos de tradici\u00f3n vit\u00edcola en el entorno de las terrazas del Voltoya. Vi\u00f1as de hasta 200 a\u00f1os de edad que guardan el testigo de la singularidad de su riqueza varietal y de una realidad casi extinta. Ossian es un legado hist\u00f3rico<span class=\"s1\">.<\/span><\/p>","protected":false},"featured_media":8584,"comment_status":"closed","ping_status":"closed","template":"","meta":{"_acf_changed":false},"product_cat":[127,141],"product_tag":[],"pais-productos":[85,704],"marca-productos":[703],"acf":[],"_links":{"self":[{"href":"https:\/\/alpiste.co.cr\/en\/wp-json\/wp\/v2\/product\/8581"}],"collection":[{"href":"https:\/\/alpiste.co.cr\/en\/wp-json\/wp\/v2\/product"}],"about":[{"href":"https:\/\/alpiste.co.cr\/en\/wp-json\/wp\/v2\/types\/product"}],"replies":[{"embeddable":true,"href":"https:\/\/alpiste.co.cr\/en\/wp-json\/wp\/v2\/comments?post=8581"}],"wp:featuredmedia":[{"embeddable":true,"href":"https:\/\/alpiste.co.cr\/en\/wp-json\/wp\/v2\/media\/8584"}],"wp:attachment":[{"href":"https:\/\/alpiste.co.cr\/en\/wp-json\/wp\/v2\/media?parent=8581"}],"wp:term":[{"taxonomy":"product_cat","embeddable":true,"href":"https:\/\/alpiste.co.cr\/en\/wp-json\/wp\/v2\/product_cat?post=8581"},{"taxonomy":"product_tag","embeddable":true,"href":"https:\/\/alpiste.co.cr\/en\/wp-json\/wp\/v2\/product_tag?post=8581"},{"taxonomy":"pais-productos","embeddable":true,"href":"https:\/\/alpiste.co.cr\/en\/wp-json\/wp\/v2\/pais-productos?post=8581"},{"taxonomy":"marca-productos","embeddable":true,"href":"https:\/\/alpiste.co.cr\/en\/wp-json\/wp\/v2\/marca-productos?post=8581"}],"curies":[{"name":"wp","href":"https:\/\/api.w.org\/{rel}","templated":true}]}}