{"id":8577,"date":"2025-06-20T22:38:31","date_gmt":"2025-06-20T16:38:31","guid":{"rendered":"https:\/\/alpiste.co.cr\/?post_type=product&#038;p=8577"},"modified":"2025-12-29T22:29:57","modified_gmt":"2025-12-29T16:29:57","slug":"quintaluna-verdejo-750ml","status":"publish","type":"product","link":"https:\/\/alpiste.co.cr\/en\/product\/quintaluna-verdejo-750ml\/","title":{"rendered":"Quintaluna Verdejo"},"content":{"rendered":"","protected":false},"excerpt":{"rendered":"<p class=\"p1\">Integrada en el grupo Alma Carraovejas, Ossian Vides y Vinos reivindica el enorme potencial de la verdejo del norte de Segovia, una zona con siglos de historia vitivin\u00edcola donde no prolifer\u00f3 la filoxera gracias a sus suelos arenosos. Aqu\u00ed nace Quintaluna 2022, resultado de una selecci\u00f3n de peque\u00f1as parcelas de vi\u00f1edos ecol\u00f3gicos.<\/p>","protected":false},"featured_media":8580,"comment_status":"closed","ping_status":"closed","template":"","meta":{"_acf_changed":false},"product_cat":[127,128],"product_tag":[],"pais-productos":[85,704],"marca-productos":[703],"acf":[],"_links":{"self":[{"href":"https:\/\/alpiste.co.cr\/en\/wp-json\/wp\/v2\/product\/8577"}],"collection":[{"href":"https:\/\/alpiste.co.cr\/en\/wp-json\/wp\/v2\/product"}],"about":[{"href":"https:\/\/alpiste.co.cr\/en\/wp-json\/wp\/v2\/types\/product"}],"replies":[{"embeddable":true,"href":"https:\/\/alpiste.co.cr\/en\/wp-json\/wp\/v2\/comments?post=8577"}],"wp:featuredmedia":[{"embeddable":true,"href":"https:\/\/alpiste.co.cr\/en\/wp-json\/wp\/v2\/media\/8580"}],"wp:attachment":[{"href":"https:\/\/alpiste.co.cr\/en\/wp-json\/wp\/v2\/media?parent=8577"}],"wp:term":[{"taxonomy":"product_cat","embeddable":true,"href":"https:\/\/alpiste.co.cr\/en\/wp-json\/wp\/v2\/product_cat?post=8577"},{"taxonomy":"product_tag","embeddable":true,"href":"https:\/\/alpiste.co.cr\/en\/wp-json\/wp\/v2\/product_tag?post=8577"},{"taxonomy":"pais-productos","embeddable":true,"href":"https:\/\/alpiste.co.cr\/en\/wp-json\/wp\/v2\/pais-productos?post=8577"},{"taxonomy":"marca-productos","embeddable":true,"href":"https:\/\/alpiste.co.cr\/en\/wp-json\/wp\/v2\/marca-productos?post=8577"}],"curies":[{"name":"wp","href":"https:\/\/api.w.org\/{rel}","templated":true}]}}