{"id":8505,"date":"2025-06-18T02:23:38","date_gmt":"2025-06-17T20:23:38","guid":{"rendered":"https:\/\/alpiste.co.cr\/?post_type=product&#038;p=8505"},"modified":"2025-12-29T21:59:48","modified_gmt":"2025-12-29T15:59:48","slug":"cuna-queso-de-oveja-con-trufa","status":"publish","type":"product","link":"https:\/\/alpiste.co.cr\/en\/product\/cuna-queso-de-oveja-con-trufa\/","title":{"rendered":"Queso de oveja curado a la trufa Spanish Cheese"},"content":{"rendered":"","protected":false},"excerpt":{"rendered":"<p class=\"p1\">Queso de pasta prensada con ojos, inyectado con trufa, de maduraci\u00f3n m\u00ednima de 120 d\u00edas.<\/p>","protected":false},"featured_media":8509,"comment_status":"closed","ping_status":"closed","template":"","meta":{"_acf_changed":false},"product_cat":[635,394],"product_tag":[616],"pais-productos":[85],"marca-productos":[702],"acf":[],"_links":{"self":[{"href":"https:\/\/alpiste.co.cr\/en\/wp-json\/wp\/v2\/product\/8505"}],"collection":[{"href":"https:\/\/alpiste.co.cr\/en\/wp-json\/wp\/v2\/product"}],"about":[{"href":"https:\/\/alpiste.co.cr\/en\/wp-json\/wp\/v2\/types\/product"}],"replies":[{"embeddable":true,"href":"https:\/\/alpiste.co.cr\/en\/wp-json\/wp\/v2\/comments?post=8505"}],"wp:featuredmedia":[{"embeddable":true,"href":"https:\/\/alpiste.co.cr\/en\/wp-json\/wp\/v2\/media\/8509"}],"wp:attachment":[{"href":"https:\/\/alpiste.co.cr\/en\/wp-json\/wp\/v2\/media?parent=8505"}],"wp:term":[{"taxonomy":"product_cat","embeddable":true,"href":"https:\/\/alpiste.co.cr\/en\/wp-json\/wp\/v2\/product_cat?post=8505"},{"taxonomy":"product_tag","embeddable":true,"href":"https:\/\/alpiste.co.cr\/en\/wp-json\/wp\/v2\/product_tag?post=8505"},{"taxonomy":"pais-productos","embeddable":true,"href":"https:\/\/alpiste.co.cr\/en\/wp-json\/wp\/v2\/pais-productos?post=8505"},{"taxonomy":"marca-productos","embeddable":true,"href":"https:\/\/alpiste.co.cr\/en\/wp-json\/wp\/v2\/marca-productos?post=8505"}],"curies":[{"name":"wp","href":"https:\/\/api.w.org\/{rel}","templated":true}]}}