{"id":8466,"date":"2025-05-24T03:54:05","date_gmt":"2025-05-23T21:54:05","guid":{"rendered":"https:\/\/alpiste.co.cr\/?post_type=product&#038;p=8466"},"modified":"2025-05-24T03:54:57","modified_gmt":"2025-05-23T21:54:57","slug":"agua-mineral-con-gas-s-pellegrino-presentacion-en-plastico-y-taparrosca-six-pack","status":"publish","type":"product","link":"https:\/\/alpiste.co.cr\/en\/product\/agua-mineral-con-gas-s-pellegrino-presentacion-en-plastico-y-taparrosca-six-pack\/","title":{"rendered":"Agua Mineral Con Gas S.Pellegrino (Presentaci\u00f3n En Pl\u00e1stico Y Taparrosca) Six pack"},"content":{"rendered":"","protected":false},"excerpt":{"rendered":"<p data-start=\"201\" data-end=\"496\">Refinada y naturalmente gasificada, San Pellegrino es un \u00edcono del buen gusto italiano. Extra\u00edda de los manantiales de San Pellegrino Terme, en los Alpes italianos, esta agua mineral emerge con una combinaci\u00f3n \u00fanica de minerales y burbujas finas y persistentes que realzan el sabor sin opacarlo.<\/p>\n<p data-start=\"498\" data-end=\"657\">Perfecta para acompa\u00f1ar vinos y platos gourmet, su equilibrio y elegancia la convierten en la elecci\u00f3n preferida en mesas de alta gastronom\u00eda en todo el mundo.<\/p>","protected":false},"featured_media":8463,"comment_status":"closed","ping_status":"closed","template":"","meta":{"_acf_changed":false},"product_cat":[94,102],"product_tag":[],"pais-productos":[38],"marca-productos":[100],"acf":[],"_links":{"self":[{"href":"https:\/\/alpiste.co.cr\/en\/wp-json\/wp\/v2\/product\/8466"}],"collection":[{"href":"https:\/\/alpiste.co.cr\/en\/wp-json\/wp\/v2\/product"}],"about":[{"href":"https:\/\/alpiste.co.cr\/en\/wp-json\/wp\/v2\/types\/product"}],"replies":[{"embeddable":true,"href":"https:\/\/alpiste.co.cr\/en\/wp-json\/wp\/v2\/comments?post=8466"}],"wp:featuredmedia":[{"embeddable":true,"href":"https:\/\/alpiste.co.cr\/en\/wp-json\/wp\/v2\/media\/8463"}],"wp:attachment":[{"href":"https:\/\/alpiste.co.cr\/en\/wp-json\/wp\/v2\/media?parent=8466"}],"wp:term":[{"taxonomy":"product_cat","embeddable":true,"href":"https:\/\/alpiste.co.cr\/en\/wp-json\/wp\/v2\/product_cat?post=8466"},{"taxonomy":"product_tag","embeddable":true,"href":"https:\/\/alpiste.co.cr\/en\/wp-json\/wp\/v2\/product_tag?post=8466"},{"taxonomy":"pais-productos","embeddable":true,"href":"https:\/\/alpiste.co.cr\/en\/wp-json\/wp\/v2\/pais-productos?post=8466"},{"taxonomy":"marca-productos","embeddable":true,"href":"https:\/\/alpiste.co.cr\/en\/wp-json\/wp\/v2\/marca-productos?post=8466"}],"curies":[{"name":"wp","href":"https:\/\/api.w.org\/{rel}","templated":true}]}}