{"id":8298,"date":"2025-05-05T19:48:20","date_gmt":"2025-05-05T13:48:20","guid":{"rendered":"https:\/\/alpiste.co.cr\/?post_type=product&#038;p=8298"},"modified":"2025-12-29T20:44:02","modified_gmt":"2025-12-29T14:44:02","slug":"los-danzantes-espadin-reposado","status":"publish","type":"product","link":"https:\/\/alpiste.co.cr\/en\/product\/los-danzantes-espadin-reposado\/","title":{"rendered":"Los Danzantes \u2013 Espad\u00edn Reposado"},"content":{"rendered":"","protected":false},"excerpt":{"rendered":"<p>Mezcal de maguey Espad\u00edn (Agave angustifolia Haw.), de la regi\u00f3n del Valle de Oaxaca, reposado en barricas de roble blanco americano en un 70% y de roble franc\u00e9s en un 30% durante 16 meses. Su color nos transporta al pasado, pero su sabor nos regresa al presente.<\/p>","protected":false},"featured_media":8301,"comment_status":"closed","ping_status":"closed","template":"","meta":{"_acf_changed":false},"product_cat":[29,57],"product_tag":[],"pais-productos":[58],"marca-productos":[696],"acf":[],"_links":{"self":[{"href":"https:\/\/alpiste.co.cr\/en\/wp-json\/wp\/v2\/product\/8298"}],"collection":[{"href":"https:\/\/alpiste.co.cr\/en\/wp-json\/wp\/v2\/product"}],"about":[{"href":"https:\/\/alpiste.co.cr\/en\/wp-json\/wp\/v2\/types\/product"}],"replies":[{"embeddable":true,"href":"https:\/\/alpiste.co.cr\/en\/wp-json\/wp\/v2\/comments?post=8298"}],"wp:featuredmedia":[{"embeddable":true,"href":"https:\/\/alpiste.co.cr\/en\/wp-json\/wp\/v2\/media\/8301"}],"wp:attachment":[{"href":"https:\/\/alpiste.co.cr\/en\/wp-json\/wp\/v2\/media?parent=8298"}],"wp:term":[{"taxonomy":"product_cat","embeddable":true,"href":"https:\/\/alpiste.co.cr\/en\/wp-json\/wp\/v2\/product_cat?post=8298"},{"taxonomy":"product_tag","embeddable":true,"href":"https:\/\/alpiste.co.cr\/en\/wp-json\/wp\/v2\/product_tag?post=8298"},{"taxonomy":"pais-productos","embeddable":true,"href":"https:\/\/alpiste.co.cr\/en\/wp-json\/wp\/v2\/pais-productos?post=8298"},{"taxonomy":"marca-productos","embeddable":true,"href":"https:\/\/alpiste.co.cr\/en\/wp-json\/wp\/v2\/marca-productos?post=8298"}],"curies":[{"name":"wp","href":"https:\/\/api.w.org\/{rel}","templated":true}]}}