{"id":8293,"date":"2025-05-05T19:41:35","date_gmt":"2025-05-05T13:41:35","guid":{"rendered":"https:\/\/alpiste.co.cr\/?post_type=product&#038;p=8293"},"modified":"2025-12-29T21:12:51","modified_gmt":"2025-12-29T15:12:51","slug":"los-danzantes-joven-espadin","status":"publish","type":"product","link":"https:\/\/alpiste.co.cr\/en\/product\/los-danzantes-joven-espadin\/","title":{"rendered":"Los Danzantes \u2013 Joven Espad\u00edn"},"content":{"rendered":"","protected":false},"excerpt":{"rendered":"<p>Utilizando maguey Espad\u00edn (Agave angustifolia) cultivado en la regi\u00f3n del Valle y la Sierra Norte de Oaxaca, este mezcal sigue un proceso artesanal que incluye cocci\u00f3n en un horno c\u00f3nico de le\u00f1a bajo tierra con le\u00f1a de encino blanco, molienda en un molino de piedra jalado por el caballo \u201cSans\u00f3n\u201d, fermentaci\u00f3n natural por 6 d\u00edas en tinas de madera de 800 L con levaduras nativas, y doble destilaci\u00f3n en alambique de cobre de 250 L.<\/p>","protected":false},"featured_media":8297,"comment_status":"closed","ping_status":"closed","template":"","meta":{"_acf_changed":false},"product_cat":[29,57],"product_tag":[],"pais-productos":[58],"marca-productos":[696],"acf":[],"_links":{"self":[{"href":"https:\/\/alpiste.co.cr\/en\/wp-json\/wp\/v2\/product\/8293"}],"collection":[{"href":"https:\/\/alpiste.co.cr\/en\/wp-json\/wp\/v2\/product"}],"about":[{"href":"https:\/\/alpiste.co.cr\/en\/wp-json\/wp\/v2\/types\/product"}],"replies":[{"embeddable":true,"href":"https:\/\/alpiste.co.cr\/en\/wp-json\/wp\/v2\/comments?post=8293"}],"wp:featuredmedia":[{"embeddable":true,"href":"https:\/\/alpiste.co.cr\/en\/wp-json\/wp\/v2\/media\/8297"}],"wp:attachment":[{"href":"https:\/\/alpiste.co.cr\/en\/wp-json\/wp\/v2\/media?parent=8293"}],"wp:term":[{"taxonomy":"product_cat","embeddable":true,"href":"https:\/\/alpiste.co.cr\/en\/wp-json\/wp\/v2\/product_cat?post=8293"},{"taxonomy":"product_tag","embeddable":true,"href":"https:\/\/alpiste.co.cr\/en\/wp-json\/wp\/v2\/product_tag?post=8293"},{"taxonomy":"pais-productos","embeddable":true,"href":"https:\/\/alpiste.co.cr\/en\/wp-json\/wp\/v2\/pais-productos?post=8293"},{"taxonomy":"marca-productos","embeddable":true,"href":"https:\/\/alpiste.co.cr\/en\/wp-json\/wp\/v2\/marca-productos?post=8293"}],"curies":[{"name":"wp","href":"https:\/\/api.w.org\/{rel}","templated":true}]}}