{"id":8289,"date":"2025-05-03T05:23:20","date_gmt":"2025-05-02T23:23:20","guid":{"rendered":"https:\/\/alpiste.co.cr\/?post_type=product&#038;p=8289"},"modified":"2025-12-29T21:37:24","modified_gmt":"2025-12-29T15:37:24","slug":"amaro-montenegro","status":"publish","type":"product","link":"https:\/\/alpiste.co.cr\/en\/product\/amaro-montenegro\/","title":{"rendered":"Amaro Montenegro"},"content":{"rendered":"","protected":false},"excerpt":{"rendered":"<p>Amaro Montenegro es un licor amargo italiano creado en 1885. La complejidad de su receta \u00fanica incluye una mezcla secreta de 40 bot\u00e1nicos provenientes de todo el mundo, entre ellos, naranjas dulces y \u00e1cidas, semillas de cilantro, mejorana, or\u00e9gano, artemisa, canela, clavos de olor y nuez moscada. Este licor tiene un perfil equilibrado entre notas dulces y amargas, con un final suave y arom\u00e1tico.<\/p>","protected":false},"featured_media":8292,"comment_status":"closed","ping_status":"closed","template":"","meta":{"_acf_changed":false},"product_cat":[694,29],"product_tag":[],"pais-productos":[38],"marca-productos":[695],"acf":[],"_links":{"self":[{"href":"https:\/\/alpiste.co.cr\/en\/wp-json\/wp\/v2\/product\/8289"}],"collection":[{"href":"https:\/\/alpiste.co.cr\/en\/wp-json\/wp\/v2\/product"}],"about":[{"href":"https:\/\/alpiste.co.cr\/en\/wp-json\/wp\/v2\/types\/product"}],"replies":[{"embeddable":true,"href":"https:\/\/alpiste.co.cr\/en\/wp-json\/wp\/v2\/comments?post=8289"}],"wp:featuredmedia":[{"embeddable":true,"href":"https:\/\/alpiste.co.cr\/en\/wp-json\/wp\/v2\/media\/8292"}],"wp:attachment":[{"href":"https:\/\/alpiste.co.cr\/en\/wp-json\/wp\/v2\/media?parent=8289"}],"wp:term":[{"taxonomy":"product_cat","embeddable":true,"href":"https:\/\/alpiste.co.cr\/en\/wp-json\/wp\/v2\/product_cat?post=8289"},{"taxonomy":"product_tag","embeddable":true,"href":"https:\/\/alpiste.co.cr\/en\/wp-json\/wp\/v2\/product_tag?post=8289"},{"taxonomy":"pais-productos","embeddable":true,"href":"https:\/\/alpiste.co.cr\/en\/wp-json\/wp\/v2\/pais-productos?post=8289"},{"taxonomy":"marca-productos","embeddable":true,"href":"https:\/\/alpiste.co.cr\/en\/wp-json\/wp\/v2\/marca-productos?post=8289"}],"curies":[{"name":"wp","href":"https:\/\/api.w.org\/{rel}","templated":true}]}}