{"id":8285,"date":"2025-05-03T04:52:11","date_gmt":"2025-05-02T22:52:11","guid":{"rendered":"https:\/\/alpiste.co.cr\/?post_type=product&#038;p=8285"},"modified":"2025-12-29T21:41:45","modified_gmt":"2025-12-29T15:41:45","slug":"mezcal-alipus-san-miguel","status":"publish","type":"product","link":"https:\/\/alpiste.co.cr\/en\/product\/mezcal-alipus-san-miguel\/","title":{"rendered":"Mezcal Alip\u00fas San Miguel"},"content":{"rendered":"","protected":false},"excerpt":{"rendered":"<p>Intenso, complejo y floral, con la suave sensaci\u00f3n en boca distintiva que proviene de la destilaci\u00f3n en arcilla. Altamente recomendado para acompa\u00f1ar con todo tipo de alimentos.<\/p>\n<p>Elaborado por doble destilaci\u00f3n en alambique de cobre.<\/p>","protected":false},"featured_media":8312,"comment_status":"closed","ping_status":"closed","template":"","meta":{"_acf_changed":false},"product_cat":[29,57],"product_tag":[],"pais-productos":[58],"marca-productos":[692],"acf":[],"_links":{"self":[{"href":"https:\/\/alpiste.co.cr\/en\/wp-json\/wp\/v2\/product\/8285"}],"collection":[{"href":"https:\/\/alpiste.co.cr\/en\/wp-json\/wp\/v2\/product"}],"about":[{"href":"https:\/\/alpiste.co.cr\/en\/wp-json\/wp\/v2\/types\/product"}],"replies":[{"embeddable":true,"href":"https:\/\/alpiste.co.cr\/en\/wp-json\/wp\/v2\/comments?post=8285"}],"wp:featuredmedia":[{"embeddable":true,"href":"https:\/\/alpiste.co.cr\/en\/wp-json\/wp\/v2\/media\/8312"}],"wp:attachment":[{"href":"https:\/\/alpiste.co.cr\/en\/wp-json\/wp\/v2\/media?parent=8285"}],"wp:term":[{"taxonomy":"product_cat","embeddable":true,"href":"https:\/\/alpiste.co.cr\/en\/wp-json\/wp\/v2\/product_cat?post=8285"},{"taxonomy":"product_tag","embeddable":true,"href":"https:\/\/alpiste.co.cr\/en\/wp-json\/wp\/v2\/product_tag?post=8285"},{"taxonomy":"pais-productos","embeddable":true,"href":"https:\/\/alpiste.co.cr\/en\/wp-json\/wp\/v2\/pais-productos?post=8285"},{"taxonomy":"marca-productos","embeddable":true,"href":"https:\/\/alpiste.co.cr\/en\/wp-json\/wp\/v2\/marca-productos?post=8285"}],"curies":[{"name":"wp","href":"https:\/\/api.w.org\/{rel}","templated":true}]}}