{"id":8274,"date":"2025-05-03T04:31:14","date_gmt":"2025-05-02T22:31:14","guid":{"rendered":"https:\/\/alpiste.co.cr\/?post_type=product&#038;p=8274"},"modified":"2025-12-29T20:30:39","modified_gmt":"2025-12-29T14:30:39","slug":"baci-cafe-bolsa","status":"publish","type":"product","link":"https:\/\/alpiste.co.cr\/en\/product\/baci-cafe-bolsa\/","title":{"rendered":"Baci Caf\u00e9 bolsa"},"content":{"rendered":"","protected":false},"excerpt":{"rendered":"<p>Pralin\u00e9 de chocolate negro sabor a caf\u00e9 relleno de avellanas y extracto de caf\u00e9.<\/p>","protected":false},"featured_media":8318,"comment_status":"closed","ping_status":"closed","template":"","meta":{"_acf_changed":false},"product_cat":[394,442],"product_tag":[],"pais-productos":[38],"marca-productos":[691],"acf":[],"_links":{"self":[{"href":"https:\/\/alpiste.co.cr\/en\/wp-json\/wp\/v2\/product\/8274"}],"collection":[{"href":"https:\/\/alpiste.co.cr\/en\/wp-json\/wp\/v2\/product"}],"about":[{"href":"https:\/\/alpiste.co.cr\/en\/wp-json\/wp\/v2\/types\/product"}],"replies":[{"embeddable":true,"href":"https:\/\/alpiste.co.cr\/en\/wp-json\/wp\/v2\/comments?post=8274"}],"wp:featuredmedia":[{"embeddable":true,"href":"https:\/\/alpiste.co.cr\/en\/wp-json\/wp\/v2\/media\/8318"}],"wp:attachment":[{"href":"https:\/\/alpiste.co.cr\/en\/wp-json\/wp\/v2\/media?parent=8274"}],"wp:term":[{"taxonomy":"product_cat","embeddable":true,"href":"https:\/\/alpiste.co.cr\/en\/wp-json\/wp\/v2\/product_cat?post=8274"},{"taxonomy":"product_tag","embeddable":true,"href":"https:\/\/alpiste.co.cr\/en\/wp-json\/wp\/v2\/product_tag?post=8274"},{"taxonomy":"pais-productos","embeddable":true,"href":"https:\/\/alpiste.co.cr\/en\/wp-json\/wp\/v2\/pais-productos?post=8274"},{"taxonomy":"marca-productos","embeddable":true,"href":"https:\/\/alpiste.co.cr\/en\/wp-json\/wp\/v2\/marca-productos?post=8274"}],"curies":[{"name":"wp","href":"https:\/\/api.w.org\/{rel}","templated":true}]}}