{"id":8255,"date":"2025-05-03T03:42:56","date_gmt":"2025-05-02T21:42:56","guid":{"rendered":"https:\/\/alpiste.co.cr\/?post_type=product&#038;p=8255"},"modified":"2025-12-29T20:22:56","modified_gmt":"2025-12-29T14:22:56","slug":"enate-reserva-especial","status":"publish","type":"product","link":"https:\/\/alpiste.co.cr\/en\/product\/enate-reserva-especial\/","title":{"rendered":"Enate Reserva Especial"},"content":{"rendered":"","protected":false},"excerpt":{"rendered":"<p>Un vino recomendado para sorprender a un coleccionista y amante de los mejores vinos. Se fusiona elegancia e intensidad en cada sorbo.<\/p>\n<p>Uno de los vinos espa\u00f1oles m\u00e1s emblem\u00e1ticos y distinguidos por su nobleza y gran fineza.<\/p>","protected":false},"featured_media":8259,"comment_status":"closed","ping_status":"closed","template":"","meta":{"_acf_changed":false},"product_cat":[127,141],"product_tag":[],"pais-productos":[85],"marca-productos":[687],"acf":[],"_links":{"self":[{"href":"https:\/\/alpiste.co.cr\/en\/wp-json\/wp\/v2\/product\/8255"}],"collection":[{"href":"https:\/\/alpiste.co.cr\/en\/wp-json\/wp\/v2\/product"}],"about":[{"href":"https:\/\/alpiste.co.cr\/en\/wp-json\/wp\/v2\/types\/product"}],"replies":[{"embeddable":true,"href":"https:\/\/alpiste.co.cr\/en\/wp-json\/wp\/v2\/comments?post=8255"}],"wp:featuredmedia":[{"embeddable":true,"href":"https:\/\/alpiste.co.cr\/en\/wp-json\/wp\/v2\/media\/8259"}],"wp:attachment":[{"href":"https:\/\/alpiste.co.cr\/en\/wp-json\/wp\/v2\/media?parent=8255"}],"wp:term":[{"taxonomy":"product_cat","embeddable":true,"href":"https:\/\/alpiste.co.cr\/en\/wp-json\/wp\/v2\/product_cat?post=8255"},{"taxonomy":"product_tag","embeddable":true,"href":"https:\/\/alpiste.co.cr\/en\/wp-json\/wp\/v2\/product_tag?post=8255"},{"taxonomy":"pais-productos","embeddable":true,"href":"https:\/\/alpiste.co.cr\/en\/wp-json\/wp\/v2\/pais-productos?post=8255"},{"taxonomy":"marca-productos","embeddable":true,"href":"https:\/\/alpiste.co.cr\/en\/wp-json\/wp\/v2\/marca-productos?post=8255"}],"curies":[{"name":"wp","href":"https:\/\/api.w.org\/{rel}","templated":true}]}}