{"id":8231,"date":"2025-04-30T20:20:37","date_gmt":"2025-04-30T14:20:37","guid":{"rendered":"https:\/\/alpiste.co.cr\/?post_type=product&#038;p=8231"},"modified":"2025-05-05T23:42:38","modified_gmt":"2025-05-05T17:42:38","slug":"pinord-taanug-cabernet-merlot-crianza","status":"publish","type":"product","link":"https:\/\/alpiste.co.cr\/en\/product\/pinord-taanug-cabernet-merlot-crianza\/","title":{"rendered":"Pinord Taanug Cabernet Merlot Crianza"},"content":{"rendered":"<p class=\"p1\">Taanug: traducci\u00f3n del hebreo al Espa\u00f1ol que significa Deleite<\/p>\n<p class=\"p1\">Kosher for Passover son aquellos productos aptos para consumir durante la pascua Jud\u00eda. La Pascua (P\u00e9saj) es una festividad jud\u00eda de 8 d\u00edas que recuerda el pasado del pueblo jud\u00edo como esclavos en Egipto. Un alimento kosher para la Pascua es un alimento que cumple con las leyes diet\u00e9ticas jud\u00edas y que est\u00e1 libre de jametz, es decir, de granos fermentados.<\/p>\n<p class=\"p1\">\u00bfQu\u00e9 es Mevushal?<\/p>\n<p class=\"p1\">Mevushal es la palabra hebrea para \u201ccocinado\u201d y se refiere al vino que ha sido hervido. Una vez que el vino kosher ha sido cocinado, puede ser manipulado por no jud\u00edos y a\u00fan as\u00ed conservar su estatus kosher. Por lo tanto, es muy importante que todo el vino servido por o para no jud\u00edos en un ambiente kosher sea etiquetado como mevushal.<\/p>","protected":false},"excerpt":{"rendered":"<p>Taanug: traducci\u00f3n del hebreo al Espa\u00f1ol que significa Deleite Kosher for Passover son aquellos productos aptos para consumir durante la pascua Jud\u00eda. La Pascua (P\u00e9saj) es una festividad jud\u00eda de 8 d\u00edas que recuerda el pasado del pueblo jud\u00edo como esclavos en Egipto. Un alimento kosher para la Pascua es un alimento que cumple con [&hellip;]<\/p>","protected":false},"featured_media":8234,"comment_status":"closed","ping_status":"closed","template":"","meta":{"_acf_changed":false},"product_cat":[127,141],"product_tag":[],"pais-productos":[85],"marca-productos":[246],"acf":[],"_links":{"self":[{"href":"https:\/\/alpiste.co.cr\/en\/wp-json\/wp\/v2\/product\/8231"}],"collection":[{"href":"https:\/\/alpiste.co.cr\/en\/wp-json\/wp\/v2\/product"}],"about":[{"href":"https:\/\/alpiste.co.cr\/en\/wp-json\/wp\/v2\/types\/product"}],"replies":[{"embeddable":true,"href":"https:\/\/alpiste.co.cr\/en\/wp-json\/wp\/v2\/comments?post=8231"}],"wp:featuredmedia":[{"embeddable":true,"href":"https:\/\/alpiste.co.cr\/en\/wp-json\/wp\/v2\/media\/8234"}],"wp:attachment":[{"href":"https:\/\/alpiste.co.cr\/en\/wp-json\/wp\/v2\/media?parent=8231"}],"wp:term":[{"taxonomy":"product_cat","embeddable":true,"href":"https:\/\/alpiste.co.cr\/en\/wp-json\/wp\/v2\/product_cat?post=8231"},{"taxonomy":"product_tag","embeddable":true,"href":"https:\/\/alpiste.co.cr\/en\/wp-json\/wp\/v2\/product_tag?post=8231"},{"taxonomy":"pais-productos","embeddable":true,"href":"https:\/\/alpiste.co.cr\/en\/wp-json\/wp\/v2\/pais-productos?post=8231"},{"taxonomy":"marca-productos","embeddable":true,"href":"https:\/\/alpiste.co.cr\/en\/wp-json\/wp\/v2\/marca-productos?post=8231"}],"curies":[{"name":"wp","href":"https:\/\/api.w.org\/{rel}","templated":true}]}}