{"id":8227,"date":"2025-04-30T20:13:28","date_gmt":"2025-04-30T14:13:28","guid":{"rendered":"https:\/\/alpiste.co.cr\/?post_type=product&#038;p=8227"},"modified":"2025-12-27T04:16:18","modified_gmt":"2025-12-26T22:16:18","slug":"pipers-hiedsieck-rosado","status":"publish","type":"product","link":"https:\/\/alpiste.co.cr\/en\/product\/pipers-hiedsieck-rosado\/","title":{"rendered":"Piper-Heidsieck Champagne Brut Ros\u00e9"},"content":{"rendered":"","protected":false},"excerpt":{"rendered":"<p><em>Un rosado muy sensual, sabroso y placentero. <\/em><em>Delicioso, frutoso e intenso. <\/em><\/p>\n<p><em>Se logra mezclando las mejores cosechas recientes con un 25% de los Champagne Reserva de la firma. En el tambi\u00e9n participan m\u00e1s de 100 Crus (distintos vi\u00f1edos), con los que la habilidad del reconocido en\u00f3logo Emilien Boutillat se pone a prueba, para seducir a los paladares m\u00e1s exigentes. <\/em><\/p>","protected":false},"featured_media":8230,"comment_status":"closed","ping_status":"closed","template":"","meta":{"_acf_changed":false},"product_cat":[127,203],"product_tag":[],"pais-productos":[70,208],"marca-productos":[690],"acf":[],"_links":{"self":[{"href":"https:\/\/alpiste.co.cr\/en\/wp-json\/wp\/v2\/product\/8227"}],"collection":[{"href":"https:\/\/alpiste.co.cr\/en\/wp-json\/wp\/v2\/product"}],"about":[{"href":"https:\/\/alpiste.co.cr\/en\/wp-json\/wp\/v2\/types\/product"}],"replies":[{"embeddable":true,"href":"https:\/\/alpiste.co.cr\/en\/wp-json\/wp\/v2\/comments?post=8227"}],"wp:featuredmedia":[{"embeddable":true,"href":"https:\/\/alpiste.co.cr\/en\/wp-json\/wp\/v2\/media\/8230"}],"wp:attachment":[{"href":"https:\/\/alpiste.co.cr\/en\/wp-json\/wp\/v2\/media?parent=8227"}],"wp:term":[{"taxonomy":"product_cat","embeddable":true,"href":"https:\/\/alpiste.co.cr\/en\/wp-json\/wp\/v2\/product_cat?post=8227"},{"taxonomy":"product_tag","embeddable":true,"href":"https:\/\/alpiste.co.cr\/en\/wp-json\/wp\/v2\/product_tag?post=8227"},{"taxonomy":"pais-productos","embeddable":true,"href":"https:\/\/alpiste.co.cr\/en\/wp-json\/wp\/v2\/pais-productos?post=8227"},{"taxonomy":"marca-productos","embeddable":true,"href":"https:\/\/alpiste.co.cr\/en\/wp-json\/wp\/v2\/marca-productos?post=8227"}],"curies":[{"name":"wp","href":"https:\/\/api.w.org\/{rel}","templated":true}]}}