{"id":8223,"date":"2025-04-30T20:04:20","date_gmt":"2025-04-30T14:04:20","guid":{"rendered":"https:\/\/alpiste.co.cr\/?post_type=product&#038;p=8223"},"modified":"2025-12-27T04:14:06","modified_gmt":"2025-12-26T22:14:06","slug":"pipers-hiedsieck-blanco","status":"publish","type":"product","link":"https:\/\/alpiste.co.cr\/en\/product\/pipers-hiedsieck-blanco\/","title":{"rendered":"Piper-Heidsieck Champagne Cuv\u00e9e Brut"},"content":{"rendered":"","protected":false},"excerpt":{"rendered":"<p><em>El Cuv\u00e9e Brut es el champagne insignia de la bodega Pipers-Heidsieck. <\/em><em>Fresco y elegante.<\/em><\/p>\n<p><em>Es un multi a\u00f1ada (mezcla de las mejores cosechas), emblem\u00e1tico, elaborado a partir de una mezcla de m\u00e1s de 100 Crus (distintos vi\u00f1edos), y con las 3 principales variedades de uva de Champagne.\u00a0<\/em><\/p>","protected":false},"featured_media":8226,"comment_status":"closed","ping_status":"closed","template":"","meta":{"_acf_changed":false},"product_cat":[127,203],"product_tag":[],"pais-productos":[70,208],"marca-productos":[690],"acf":[],"_links":{"self":[{"href":"https:\/\/alpiste.co.cr\/en\/wp-json\/wp\/v2\/product\/8223"}],"collection":[{"href":"https:\/\/alpiste.co.cr\/en\/wp-json\/wp\/v2\/product"}],"about":[{"href":"https:\/\/alpiste.co.cr\/en\/wp-json\/wp\/v2\/types\/product"}],"replies":[{"embeddable":true,"href":"https:\/\/alpiste.co.cr\/en\/wp-json\/wp\/v2\/comments?post=8223"}],"wp:featuredmedia":[{"embeddable":true,"href":"https:\/\/alpiste.co.cr\/en\/wp-json\/wp\/v2\/media\/8226"}],"wp:attachment":[{"href":"https:\/\/alpiste.co.cr\/en\/wp-json\/wp\/v2\/media?parent=8223"}],"wp:term":[{"taxonomy":"product_cat","embeddable":true,"href":"https:\/\/alpiste.co.cr\/en\/wp-json\/wp\/v2\/product_cat?post=8223"},{"taxonomy":"product_tag","embeddable":true,"href":"https:\/\/alpiste.co.cr\/en\/wp-json\/wp\/v2\/product_tag?post=8223"},{"taxonomy":"pais-productos","embeddable":true,"href":"https:\/\/alpiste.co.cr\/en\/wp-json\/wp\/v2\/pais-productos?post=8223"},{"taxonomy":"marca-productos","embeddable":true,"href":"https:\/\/alpiste.co.cr\/en\/wp-json\/wp\/v2\/marca-productos?post=8223"}],"curies":[{"name":"wp","href":"https:\/\/api.w.org\/{rel}","templated":true}]}}