{"id":8215,"date":"2025-04-30T04:56:48","date_gmt":"2025-04-29T22:56:48","guid":{"rendered":"https:\/\/alpiste.co.cr\/?post_type=product&#038;p=8215"},"modified":"2025-12-29T20:24:43","modified_gmt":"2025-12-29T14:24:43","slug":"altos-las-hormigas-la-danza-2","status":"publish","type":"product","link":"https:\/\/alpiste.co.cr\/en\/product\/altos-las-hormigas-la-danza-2\/","title":{"rendered":"Altos Las Hormigas La Danza"},"content":{"rendered":"","protected":false},"excerpt":{"rendered":"<p>Altos las Hormigas, desde sus inicios en 1995, se ha convertido en una bodega l\u00edder en la producci\u00f3n de sobresalientes monovarietales de Malbec en Mendoza y siempre est\u00e1n en una continua b\u00fasqueda de lograr la mejor expresi\u00f3n del terroir en sus vinos.<\/p>\n<p>La Danza, desde su primera cosecha en el 2019, es la invitaci\u00f3n al deleite sensorial de un Malbec muy puro, que expresa lo mejor de la capital del vino argentino, Mendoza.<\/p>\n<p>Su suavidad y ligereza lo hacen id\u00f3neo para todo tipo de paladar e inclusive es un vino muy gastron\u00f3mico, su flexibilidad lo hace id\u00f3neo con una amplia propuesta de platos. F\u00e1cil de tomar, moderno, frutal y complaciente.<\/p>","protected":false},"featured_media":8219,"comment_status":"closed","ping_status":"closed","template":"","meta":{"_acf_changed":false},"product_cat":[127,141],"product_tag":[],"pais-productos":[169,189],"marca-productos":[321],"acf":[],"_links":{"self":[{"href":"https:\/\/alpiste.co.cr\/en\/wp-json\/wp\/v2\/product\/8215"}],"collection":[{"href":"https:\/\/alpiste.co.cr\/en\/wp-json\/wp\/v2\/product"}],"about":[{"href":"https:\/\/alpiste.co.cr\/en\/wp-json\/wp\/v2\/types\/product"}],"replies":[{"embeddable":true,"href":"https:\/\/alpiste.co.cr\/en\/wp-json\/wp\/v2\/comments?post=8215"}],"wp:featuredmedia":[{"embeddable":true,"href":"https:\/\/alpiste.co.cr\/en\/wp-json\/wp\/v2\/media\/8219"}],"wp:attachment":[{"href":"https:\/\/alpiste.co.cr\/en\/wp-json\/wp\/v2\/media?parent=8215"}],"wp:term":[{"taxonomy":"product_cat","embeddable":true,"href":"https:\/\/alpiste.co.cr\/en\/wp-json\/wp\/v2\/product_cat?post=8215"},{"taxonomy":"product_tag","embeddable":true,"href":"https:\/\/alpiste.co.cr\/en\/wp-json\/wp\/v2\/product_tag?post=8215"},{"taxonomy":"pais-productos","embeddable":true,"href":"https:\/\/alpiste.co.cr\/en\/wp-json\/wp\/v2\/pais-productos?post=8215"},{"taxonomy":"marca-productos","embeddable":true,"href":"https:\/\/alpiste.co.cr\/en\/wp-json\/wp\/v2\/marca-productos?post=8215"}],"curies":[{"name":"wp","href":"https:\/\/api.w.org\/{rel}","templated":true}]}}