{"id":8211,"date":"2025-04-30T04:45:45","date_gmt":"2025-04-29T22:45:45","guid":{"rendered":"https:\/\/alpiste.co.cr\/?post_type=product&#038;p=8211"},"modified":"2025-12-27T04:05:30","modified_gmt":"2025-12-26T22:05:30","slug":"protos-finca-el-grajo-viejo","status":"publish","type":"product","link":"https:\/\/alpiste.co.cr\/en\/product\/protos-finca-el-grajo-viejo\/","title":{"rendered":"Protos Finca el Grajo Viejo"},"content":{"rendered":"","protected":false},"excerpt":{"rendered":"<p>Protos Selecci\u00f3n El Grajo Viejo, es el vino m\u00e1s exclusivo de Protos, demuestra la pura expresi\u00f3n del terroir de la bodega. Proveniente de un vi\u00f1edo singular y \u00fanico, con cepas muy antiguas con m\u00e1s de 70 a\u00f1os, y con una producci\u00f3n limitada y rendimientos escasos, de tan solo 1,500kg\/ha.<\/p>\n<p>Elegancia es el mejor adjetivo que define este vino de autor, con su gran expresi\u00f3n frutal y taninos c\u00e1lidos, nos demuestra lo que las variedades m\u00e1s antiguas de Tinta Fino nos pueden brindar.<\/p>","protected":false},"featured_media":8214,"comment_status":"closed","ping_status":"closed","template":"","meta":{"_acf_changed":false},"product_cat":[127,141],"product_tag":[],"pais-productos":[85],"marca-productos":[689],"acf":[],"_links":{"self":[{"href":"https:\/\/alpiste.co.cr\/en\/wp-json\/wp\/v2\/product\/8211"}],"collection":[{"href":"https:\/\/alpiste.co.cr\/en\/wp-json\/wp\/v2\/product"}],"about":[{"href":"https:\/\/alpiste.co.cr\/en\/wp-json\/wp\/v2\/types\/product"}],"replies":[{"embeddable":true,"href":"https:\/\/alpiste.co.cr\/en\/wp-json\/wp\/v2\/comments?post=8211"}],"wp:featuredmedia":[{"embeddable":true,"href":"https:\/\/alpiste.co.cr\/en\/wp-json\/wp\/v2\/media\/8214"}],"wp:attachment":[{"href":"https:\/\/alpiste.co.cr\/en\/wp-json\/wp\/v2\/media?parent=8211"}],"wp:term":[{"taxonomy":"product_cat","embeddable":true,"href":"https:\/\/alpiste.co.cr\/en\/wp-json\/wp\/v2\/product_cat?post=8211"},{"taxonomy":"product_tag","embeddable":true,"href":"https:\/\/alpiste.co.cr\/en\/wp-json\/wp\/v2\/product_tag?post=8211"},{"taxonomy":"pais-productos","embeddable":true,"href":"https:\/\/alpiste.co.cr\/en\/wp-json\/wp\/v2\/pais-productos?post=8211"},{"taxonomy":"marca-productos","embeddable":true,"href":"https:\/\/alpiste.co.cr\/en\/wp-json\/wp\/v2\/marca-productos?post=8211"}],"curies":[{"name":"wp","href":"https:\/\/api.w.org\/{rel}","templated":true}]}}