{"id":8207,"date":"2025-04-30T04:39:08","date_gmt":"2025-04-29T22:39:08","guid":{"rendered":"https:\/\/alpiste.co.cr\/?post_type=product&#038;p=8207"},"modified":"2025-12-27T04:01:29","modified_gmt":"2025-12-26T22:01:29","slug":"protos-reserva-5-ano","status":"publish","type":"product","link":"https:\/\/alpiste.co.cr\/en\/product\/protos-reserva-5-ano\/","title":{"rendered":"Protos Reserva 5\u00b0 a\u00f1o"},"content":{"rendered":"","protected":false},"excerpt":{"rendered":"<p>Protos 5\u00ba A\u00f1o es un vino elegante, complejo y con mucho car\u00e1cter que le sorprender\u00e1.<\/p>\n<p>Llamado as\u00ed por su crianza de 5 a\u00f1os entre barrica y botella, un claro exponente que demuestra el verdadero potencial de guarda de los vinos de esta bodega.<\/p>","protected":false},"featured_media":8210,"comment_status":"closed","ping_status":"closed","template":"","meta":{"_acf_changed":false},"product_cat":[127,141],"product_tag":[],"pais-productos":[85],"marca-productos":[689],"acf":[],"_links":{"self":[{"href":"https:\/\/alpiste.co.cr\/en\/wp-json\/wp\/v2\/product\/8207"}],"collection":[{"href":"https:\/\/alpiste.co.cr\/en\/wp-json\/wp\/v2\/product"}],"about":[{"href":"https:\/\/alpiste.co.cr\/en\/wp-json\/wp\/v2\/types\/product"}],"replies":[{"embeddable":true,"href":"https:\/\/alpiste.co.cr\/en\/wp-json\/wp\/v2\/comments?post=8207"}],"wp:featuredmedia":[{"embeddable":true,"href":"https:\/\/alpiste.co.cr\/en\/wp-json\/wp\/v2\/media\/8210"}],"wp:attachment":[{"href":"https:\/\/alpiste.co.cr\/en\/wp-json\/wp\/v2\/media?parent=8207"}],"wp:term":[{"taxonomy":"product_cat","embeddable":true,"href":"https:\/\/alpiste.co.cr\/en\/wp-json\/wp\/v2\/product_cat?post=8207"},{"taxonomy":"product_tag","embeddable":true,"href":"https:\/\/alpiste.co.cr\/en\/wp-json\/wp\/v2\/product_tag?post=8207"},{"taxonomy":"pais-productos","embeddable":true,"href":"https:\/\/alpiste.co.cr\/en\/wp-json\/wp\/v2\/pais-productos?post=8207"},{"taxonomy":"marca-productos","embeddable":true,"href":"https:\/\/alpiste.co.cr\/en\/wp-json\/wp\/v2\/marca-productos?post=8207"}],"curies":[{"name":"wp","href":"https:\/\/api.w.org\/{rel}","templated":true}]}}