{"id":8202,"date":"2025-04-30T04:29:57","date_gmt":"2025-04-29T22:29:57","guid":{"rendered":"https:\/\/alpiste.co.cr\/?post_type=product&#038;p=8202"},"modified":"2025-12-27T04:03:29","modified_gmt":"2025-12-26T22:03:29","slug":"protos-gran-reserva","status":"publish","type":"product","link":"https:\/\/alpiste.co.cr\/en\/product\/protos-gran-reserva\/","title":{"rendered":"Protos Gran Reserva"},"content":{"rendered":"","protected":false},"excerpt":{"rendered":"<p>Sus vinos son el estilo m\u00e1s cl\u00e1sico de la denominaci\u00f3n, siendo reflejo de estructura, potencia y vinos de gran potencial de guarda.<\/p>\n<p>Un vino con gran expresi\u00f3n y complejidad arom\u00e1tica, y un largo y sedoso final, caracter\u00edstico de los vinos Gran Reserva de Bodega Protos.<\/p>","protected":false},"featured_media":8205,"comment_status":"closed","ping_status":"closed","template":"","meta":{"_acf_changed":false},"product_cat":[127,141],"product_tag":[],"pais-productos":[85],"marca-productos":[689],"acf":[],"_links":{"self":[{"href":"https:\/\/alpiste.co.cr\/en\/wp-json\/wp\/v2\/product\/8202"}],"collection":[{"href":"https:\/\/alpiste.co.cr\/en\/wp-json\/wp\/v2\/product"}],"about":[{"href":"https:\/\/alpiste.co.cr\/en\/wp-json\/wp\/v2\/types\/product"}],"replies":[{"embeddable":true,"href":"https:\/\/alpiste.co.cr\/en\/wp-json\/wp\/v2\/comments?post=8202"}],"wp:featuredmedia":[{"embeddable":true,"href":"https:\/\/alpiste.co.cr\/en\/wp-json\/wp\/v2\/media\/8205"}],"wp:attachment":[{"href":"https:\/\/alpiste.co.cr\/en\/wp-json\/wp\/v2\/media?parent=8202"}],"wp:term":[{"taxonomy":"product_cat","embeddable":true,"href":"https:\/\/alpiste.co.cr\/en\/wp-json\/wp\/v2\/product_cat?post=8202"},{"taxonomy":"product_tag","embeddable":true,"href":"https:\/\/alpiste.co.cr\/en\/wp-json\/wp\/v2\/product_tag?post=8202"},{"taxonomy":"pais-productos","embeddable":true,"href":"https:\/\/alpiste.co.cr\/en\/wp-json\/wp\/v2\/pais-productos?post=8202"},{"taxonomy":"marca-productos","embeddable":true,"href":"https:\/\/alpiste.co.cr\/en\/wp-json\/wp\/v2\/marca-productos?post=8202"}],"curies":[{"name":"wp","href":"https:\/\/api.w.org\/{rel}","templated":true}]}}