{"id":8199,"date":"2025-04-30T04:22:51","date_gmt":"2025-04-29T22:22:51","guid":{"rendered":"https:\/\/alpiste.co.cr\/?post_type=product&#038;p=8199"},"modified":"2025-12-27T03:59:21","modified_gmt":"2025-12-26T21:59:21","slug":"protos-27","status":"publish","type":"product","link":"https:\/\/alpiste.co.cr\/en\/product\/protos-27\/","title":{"rendered":"Protos 27"},"content":{"rendered":"","protected":false},"excerpt":{"rendered":"<p>Protos\u201927 es el homenaje a los 11 visionarios que fundaron Protos. Un vino en el que se plasman 10 a\u00f1os de trabajo e investigaci\u00f3n en la mejora de las t\u00e9cnicas de cultivo, caracterizaci\u00f3n de vi\u00f1edos y de barricas y uso de levaduras aut\u00f3ctonas.<\/p>\n<p>Un vino potente, con estructura, taninos marcados, fruta madura intensa y elegante madera que cautiva a todos los conocedores.<\/p>","protected":false},"featured_media":8197,"comment_status":"closed","ping_status":"closed","template":"","meta":{"_acf_changed":false},"product_cat":[127,141],"product_tag":[],"pais-productos":[85],"marca-productos":[689],"acf":[],"_links":{"self":[{"href":"https:\/\/alpiste.co.cr\/en\/wp-json\/wp\/v2\/product\/8199"}],"collection":[{"href":"https:\/\/alpiste.co.cr\/en\/wp-json\/wp\/v2\/product"}],"about":[{"href":"https:\/\/alpiste.co.cr\/en\/wp-json\/wp\/v2\/types\/product"}],"replies":[{"embeddable":true,"href":"https:\/\/alpiste.co.cr\/en\/wp-json\/wp\/v2\/comments?post=8199"}],"wp:featuredmedia":[{"embeddable":true,"href":"https:\/\/alpiste.co.cr\/en\/wp-json\/wp\/v2\/media\/8197"}],"wp:attachment":[{"href":"https:\/\/alpiste.co.cr\/en\/wp-json\/wp\/v2\/media?parent=8199"}],"wp:term":[{"taxonomy":"product_cat","embeddable":true,"href":"https:\/\/alpiste.co.cr\/en\/wp-json\/wp\/v2\/product_cat?post=8199"},{"taxonomy":"product_tag","embeddable":true,"href":"https:\/\/alpiste.co.cr\/en\/wp-json\/wp\/v2\/product_tag?post=8199"},{"taxonomy":"pais-productos","embeddable":true,"href":"https:\/\/alpiste.co.cr\/en\/wp-json\/wp\/v2\/pais-productos?post=8199"},{"taxonomy":"marca-productos","embeddable":true,"href":"https:\/\/alpiste.co.cr\/en\/wp-json\/wp\/v2\/marca-productos?post=8199"}],"curies":[{"name":"wp","href":"https:\/\/api.w.org\/{rel}","templated":true}]}}