{"id":8194,"date":"2025-04-30T04:04:08","date_gmt":"2025-04-29T22:04:08","guid":{"rendered":"https:\/\/alpiste.co.cr\/?post_type=product&#038;p=8194"},"modified":"2025-12-27T03:56:28","modified_gmt":"2025-12-26T21:56:28","slug":"protos-crianza","status":"publish","type":"product","link":"https:\/\/alpiste.co.cr\/en\/product\/protos-crianza\/","title":{"rendered":"Protos Crianza"},"content":{"rendered":"","protected":false},"excerpt":{"rendered":"<p>Este es un vino dise\u00f1ado para los amantes de los Riberas, elaborado con vi\u00f1as de edad media entre 30 y 35 a\u00f1os, con bajos rendimientos, y en conjunto con la mezcla de barricas de primer y segundo uso utilizadas para envejecerlo proponen un vino equilibrado.<\/p>","protected":false},"featured_media":8198,"comment_status":"closed","ping_status":"closed","template":"","meta":{"_acf_changed":false},"product_cat":[127,141],"product_tag":[],"pais-productos":[85],"marca-productos":[689],"acf":[],"_links":{"self":[{"href":"https:\/\/alpiste.co.cr\/en\/wp-json\/wp\/v2\/product\/8194"}],"collection":[{"href":"https:\/\/alpiste.co.cr\/en\/wp-json\/wp\/v2\/product"}],"about":[{"href":"https:\/\/alpiste.co.cr\/en\/wp-json\/wp\/v2\/types\/product"}],"replies":[{"embeddable":true,"href":"https:\/\/alpiste.co.cr\/en\/wp-json\/wp\/v2\/comments?post=8194"}],"wp:featuredmedia":[{"embeddable":true,"href":"https:\/\/alpiste.co.cr\/en\/wp-json\/wp\/v2\/media\/8198"}],"wp:attachment":[{"href":"https:\/\/alpiste.co.cr\/en\/wp-json\/wp\/v2\/media?parent=8194"}],"wp:term":[{"taxonomy":"product_cat","embeddable":true,"href":"https:\/\/alpiste.co.cr\/en\/wp-json\/wp\/v2\/product_cat?post=8194"},{"taxonomy":"product_tag","embeddable":true,"href":"https:\/\/alpiste.co.cr\/en\/wp-json\/wp\/v2\/product_tag?post=8194"},{"taxonomy":"pais-productos","embeddable":true,"href":"https:\/\/alpiste.co.cr\/en\/wp-json\/wp\/v2\/pais-productos?post=8194"},{"taxonomy":"marca-productos","embeddable":true,"href":"https:\/\/alpiste.co.cr\/en\/wp-json\/wp\/v2\/marca-productos?post=8194"}],"curies":[{"name":"wp","href":"https:\/\/api.w.org\/{rel}","templated":true}]}}