{"id":8184,"date":"2025-04-30T03:15:32","date_gmt":"2025-04-29T21:15:32","guid":{"rendered":"https:\/\/alpiste.co.cr\/?post_type=product&#038;p=8184"},"modified":"2025-12-27T03:46:43","modified_gmt":"2025-12-26T21:46:43","slug":"aire-de-protos","status":"publish","type":"product","link":"https:\/\/alpiste.co.cr\/en\/product\/aire-de-protos\/","title":{"rendered":"Aire de Protos"},"content":{"rendered":"<p>Este blend rosado te sorprender\u00e1 con su frescura y viveza. La a\u00f1ada 2023 ha sido galardonada como el mejor vino rosado de Espa\u00f1a por los premios Verema 2024. Ha cautivado el paladar de los expertos.<\/p>\n<p>Elaborado de vi\u00f1as de entre los 10 y 60 a\u00f1os de edad en la DO Cigales, al norte del r\u00edo Duero, con uvas que alcanzan una gran concentraci\u00f3n de azucares y \u00e1cidos convirti\u00e9ndose en este vino de gran calidad.<\/p>\n<p>Un vino gastron\u00f3mico y f\u00e1cil de maridar.<\/p>","protected":false},"excerpt":{"rendered":"<p>Este blend rosado te sorprender\u00e1 con su frescura y viveza. La a\u00f1ada 2023 ha sido galardonada como el mejor vino rosado de Espa\u00f1a por los premios Verema 2024. Ha cautivado el paladar de los expertos.<\/p>\n<p>Elaborado de vi\u00f1as de entre los 10 y 60 a\u00f1os de edad en la DO Cigales, al norte del r\u00edo Duero, con uvas que alcanzan una gran concentraci\u00f3n de azucares y \u00e1cidos convirti\u00e9ndose en este vino de gran calidad.<\/p>\n<p>Un vino gastron\u00f3mico y f\u00e1cil de maridar.<\/p>","protected":false},"featured_media":8190,"comment_status":"closed","ping_status":"closed","template":"","meta":{"_acf_changed":false},"product_cat":[127,138],"product_tag":[],"pais-productos":[85],"marca-productos":[689],"acf":[],"_links":{"self":[{"href":"https:\/\/alpiste.co.cr\/en\/wp-json\/wp\/v2\/product\/8184"}],"collection":[{"href":"https:\/\/alpiste.co.cr\/en\/wp-json\/wp\/v2\/product"}],"about":[{"href":"https:\/\/alpiste.co.cr\/en\/wp-json\/wp\/v2\/types\/product"}],"replies":[{"embeddable":true,"href":"https:\/\/alpiste.co.cr\/en\/wp-json\/wp\/v2\/comments?post=8184"}],"wp:featuredmedia":[{"embeddable":true,"href":"https:\/\/alpiste.co.cr\/en\/wp-json\/wp\/v2\/media\/8190"}],"wp:attachment":[{"href":"https:\/\/alpiste.co.cr\/en\/wp-json\/wp\/v2\/media?parent=8184"}],"wp:term":[{"taxonomy":"product_cat","embeddable":true,"href":"https:\/\/alpiste.co.cr\/en\/wp-json\/wp\/v2\/product_cat?post=8184"},{"taxonomy":"product_tag","embeddable":true,"href":"https:\/\/alpiste.co.cr\/en\/wp-json\/wp\/v2\/product_tag?post=8184"},{"taxonomy":"pais-productos","embeddable":true,"href":"https:\/\/alpiste.co.cr\/en\/wp-json\/wp\/v2\/pais-productos?post=8184"},{"taxonomy":"marca-productos","embeddable":true,"href":"https:\/\/alpiste.co.cr\/en\/wp-json\/wp\/v2\/marca-productos?post=8184"}],"curies":[{"name":"wp","href":"https:\/\/api.w.org\/{rel}","templated":true}]}}