{"id":8176,"date":"2025-04-29T23:41:59","date_gmt":"2025-04-29T17:41:59","guid":{"rendered":"https:\/\/alpiste.co.cr\/?post_type=product&#038;p=8176"},"modified":"2025-12-27T03:51:44","modified_gmt":"2025-12-26T21:51:44","slug":"protos-verdejo","status":"publish","type":"product","link":"https:\/\/alpiste.co.cr\/en\/product\/protos-verdejo\/","title":{"rendered":"Protos Verdejo"},"content":{"rendered":"","protected":false},"excerpt":{"rendered":"<p><em>Es un vino que te enamora con su gran expresi\u00f3n arom\u00e1tica y equilibrada acidez, mostr\u00e1ndonos un claro ejemplar de lo que un vino de uva verdejo nos puede ofrecer. <\/em><em>Fresco, afrutado, equilibrado, de cuerpo medio y de chispeante acidez, disfrutable en cada sorbo.<\/em><\/p>","protected":false},"featured_media":8181,"comment_status":"closed","ping_status":"closed","template":"","meta":{"_acf_changed":false},"product_cat":[127,128],"product_tag":[],"pais-productos":[85],"marca-productos":[689],"acf":[],"_links":{"self":[{"href":"https:\/\/alpiste.co.cr\/en\/wp-json\/wp\/v2\/product\/8176"}],"collection":[{"href":"https:\/\/alpiste.co.cr\/en\/wp-json\/wp\/v2\/product"}],"about":[{"href":"https:\/\/alpiste.co.cr\/en\/wp-json\/wp\/v2\/types\/product"}],"replies":[{"embeddable":true,"href":"https:\/\/alpiste.co.cr\/en\/wp-json\/wp\/v2\/comments?post=8176"}],"wp:featuredmedia":[{"embeddable":true,"href":"https:\/\/alpiste.co.cr\/en\/wp-json\/wp\/v2\/media\/8181"}],"wp:attachment":[{"href":"https:\/\/alpiste.co.cr\/en\/wp-json\/wp\/v2\/media?parent=8176"}],"wp:term":[{"taxonomy":"product_cat","embeddable":true,"href":"https:\/\/alpiste.co.cr\/en\/wp-json\/wp\/v2\/product_cat?post=8176"},{"taxonomy":"product_tag","embeddable":true,"href":"https:\/\/alpiste.co.cr\/en\/wp-json\/wp\/v2\/product_tag?post=8176"},{"taxonomy":"pais-productos","embeddable":true,"href":"https:\/\/alpiste.co.cr\/en\/wp-json\/wp\/v2\/pais-productos?post=8176"},{"taxonomy":"marca-productos","embeddable":true,"href":"https:\/\/alpiste.co.cr\/en\/wp-json\/wp\/v2\/marca-productos?post=8176"}],"curies":[{"name":"wp","href":"https:\/\/api.w.org\/{rel}","templated":true}]}}