{"id":8149,"date":"2025-04-25T00:57:58","date_gmt":"2025-04-24T18:57:58","guid":{"rendered":"https:\/\/alpiste.co.cr\/?post_type=product&#038;p=8149"},"modified":"2025-12-27T04:25:05","modified_gmt":"2025-12-26T22:25:05","slug":"enate-tempranillo","status":"publish","type":"product","link":"https:\/\/alpiste.co.cr\/en\/product\/enate-tempranillo\/","title":{"rendered":"Enate Tempranillo"},"content":{"rendered":"","protected":false},"excerpt":{"rendered":"<p><em>D\u00e9jate sorprender por un Tempranillo de Somontano es muy distinto, vers\u00e1til y gastron\u00f3mico.\u00a0 <\/em><em>Suave, frutal, f\u00e1cil de beber, ideal para el diario. <\/em><\/p>","protected":false},"featured_media":8152,"comment_status":"closed","ping_status":"closed","template":"","meta":{"_acf_changed":false},"product_cat":[127,141],"product_tag":[],"pais-productos":[85],"marca-productos":[687],"acf":[],"_links":{"self":[{"href":"https:\/\/alpiste.co.cr\/en\/wp-json\/wp\/v2\/product\/8149"}],"collection":[{"href":"https:\/\/alpiste.co.cr\/en\/wp-json\/wp\/v2\/product"}],"about":[{"href":"https:\/\/alpiste.co.cr\/en\/wp-json\/wp\/v2\/types\/product"}],"replies":[{"embeddable":true,"href":"https:\/\/alpiste.co.cr\/en\/wp-json\/wp\/v2\/comments?post=8149"}],"wp:featuredmedia":[{"embeddable":true,"href":"https:\/\/alpiste.co.cr\/en\/wp-json\/wp\/v2\/media\/8152"}],"wp:attachment":[{"href":"https:\/\/alpiste.co.cr\/en\/wp-json\/wp\/v2\/media?parent=8149"}],"wp:term":[{"taxonomy":"product_cat","embeddable":true,"href":"https:\/\/alpiste.co.cr\/en\/wp-json\/wp\/v2\/product_cat?post=8149"},{"taxonomy":"product_tag","embeddable":true,"href":"https:\/\/alpiste.co.cr\/en\/wp-json\/wp\/v2\/product_tag?post=8149"},{"taxonomy":"pais-productos","embeddable":true,"href":"https:\/\/alpiste.co.cr\/en\/wp-json\/wp\/v2\/pais-productos?post=8149"},{"taxonomy":"marca-productos","embeddable":true,"href":"https:\/\/alpiste.co.cr\/en\/wp-json\/wp\/v2\/marca-productos?post=8149"}],"curies":[{"name":"wp","href":"https:\/\/api.w.org\/{rel}","templated":true}]}}