{"id":5854,"date":"2022-08-06T02:13:11","date_gmt":"2022-08-05T20:13:11","guid":{"rendered":"https:\/\/alpiste.co.cr\/?post_type=product&#038;p=5854"},"modified":"2022-12-22T22:33:18","modified_gmt":"2022-12-22T16:33:18","slug":"preparado-base-halta-cucina-500ml-gf","status":"publish","type":"product","link":"https:\/\/alpiste.co.cr\/en\/product\/preparado-base-halta-cucina-500ml-gf\/","title":{"rendered":"Preparado Base \u00a0Halta Cucina"},"content":{"rendered":"","protected":false},"excerpt":{"rendered":"<p>Genial en casa, en catering profesional y en pizzer\u00eda. Para todos los usos culinarios: pasta, tortellini, lasa\u00f1a, salsas, salsas y terciopelos. Ligero: bajo contenido en grasas. Muy digestible: no contiene almid\u00f3n. Sabroso y cremoso. No contiene grasas hidrogenadas.<\/p>","protected":false},"featured_media":6287,"comment_status":"closed","ping_status":"closed","template":"","meta":{"_acf_changed":false},"product_cat":[394,433],"product_tag":[616],"pais-productos":[38],"marca-productos":[547],"acf":[],"_links":{"self":[{"href":"https:\/\/alpiste.co.cr\/en\/wp-json\/wp\/v2\/product\/5854"}],"collection":[{"href":"https:\/\/alpiste.co.cr\/en\/wp-json\/wp\/v2\/product"}],"about":[{"href":"https:\/\/alpiste.co.cr\/en\/wp-json\/wp\/v2\/types\/product"}],"replies":[{"embeddable":true,"href":"https:\/\/alpiste.co.cr\/en\/wp-json\/wp\/v2\/comments?post=5854"}],"wp:featuredmedia":[{"embeddable":true,"href":"https:\/\/alpiste.co.cr\/en\/wp-json\/wp\/v2\/media\/6287"}],"wp:attachment":[{"href":"https:\/\/alpiste.co.cr\/en\/wp-json\/wp\/v2\/media?parent=5854"}],"wp:term":[{"taxonomy":"product_cat","embeddable":true,"href":"https:\/\/alpiste.co.cr\/en\/wp-json\/wp\/v2\/product_cat?post=5854"},{"taxonomy":"product_tag","embeddable":true,"href":"https:\/\/alpiste.co.cr\/en\/wp-json\/wp\/v2\/product_tag?post=5854"},{"taxonomy":"pais-productos","embeddable":true,"href":"https:\/\/alpiste.co.cr\/en\/wp-json\/wp\/v2\/pais-productos?post=5854"},{"taxonomy":"marca-productos","embeddable":true,"href":"https:\/\/alpiste.co.cr\/en\/wp-json\/wp\/v2\/marca-productos?post=5854"}],"curies":[{"name":"wp","href":"https:\/\/api.w.org\/{rel}","templated":true}]}}