{"id":5851,"date":"2022-08-06T02:13:10","date_gmt":"2022-08-05T20:13:10","guid":{"rendered":"https:\/\/alpiste.co.cr\/?post_type=product&#038;p=5851"},"modified":"2022-08-17T21:23:04","modified_gmt":"2022-08-17T15:23:04","slug":"margherita-genoa-salami-227gr","status":"publish","type":"product","link":"https:\/\/alpiste.co.cr\/en\/product\/margherita-genoa-salami-227gr\/","title":{"rendered":"Margherita Genoa Salami 227Gr"},"content":{"rendered":"","protected":false},"excerpt":{"rendered":"<p>El salami genoa de Margherita viene listo para comer en peque\u00f1as rebanadas vers\u00e1tiles para aperitivos r\u00e1pidos o para adicionar a sus recetas favoritas.<\/p>","protected":false},"featured_media":6292,"comment_status":"closed","ping_status":"closed","template":"","meta":{"_acf_changed":false},"product_cat":[636,635,394],"product_tag":[616],"pais-productos":[237],"marca-productos":[560],"acf":[],"_links":{"self":[{"href":"https:\/\/alpiste.co.cr\/en\/wp-json\/wp\/v2\/product\/5851"}],"collection":[{"href":"https:\/\/alpiste.co.cr\/en\/wp-json\/wp\/v2\/product"}],"about":[{"href":"https:\/\/alpiste.co.cr\/en\/wp-json\/wp\/v2\/types\/product"}],"replies":[{"embeddable":true,"href":"https:\/\/alpiste.co.cr\/en\/wp-json\/wp\/v2\/comments?post=5851"}],"wp:featuredmedia":[{"embeddable":true,"href":"https:\/\/alpiste.co.cr\/en\/wp-json\/wp\/v2\/media\/6292"}],"wp:attachment":[{"href":"https:\/\/alpiste.co.cr\/en\/wp-json\/wp\/v2\/media?parent=5851"}],"wp:term":[{"taxonomy":"product_cat","embeddable":true,"href":"https:\/\/alpiste.co.cr\/en\/wp-json\/wp\/v2\/product_cat?post=5851"},{"taxonomy":"product_tag","embeddable":true,"href":"https:\/\/alpiste.co.cr\/en\/wp-json\/wp\/v2\/product_tag?post=5851"},{"taxonomy":"pais-productos","embeddable":true,"href":"https:\/\/alpiste.co.cr\/en\/wp-json\/wp\/v2\/pais-productos?post=5851"},{"taxonomy":"marca-productos","embeddable":true,"href":"https:\/\/alpiste.co.cr\/en\/wp-json\/wp\/v2\/marca-productos?post=5851"}],"curies":[{"name":"wp","href":"https:\/\/api.w.org\/{rel}","templated":true}]}}