{"id":5841,"date":"2022-08-06T02:13:04","date_gmt":"2022-08-05T20:13:04","guid":{"rendered":"https:\/\/alpiste.co.cr\/?post_type=product&#038;p=5841"},"modified":"2022-08-09T03:16:22","modified_gmt":"2022-08-08T21:16:22","slug":"prosciutto-di-parma-sin-hueso-pressato","status":"publish","type":"product","link":"https:\/\/alpiste.co.cr\/en\/product\/prosciutto-di-parma-sin-hueso-pressato\/","title":{"rendered":"Prosciutto Di Parma Sin Hueso Pressato"},"content":{"rendered":"","protected":false},"excerpt":{"rendered":"<p>Ferrarini siempre se ha dedicado a los s\u00edmbolos del &#8220;Made in Italy&#8221;: el jam\u00f3n cocido, el jam\u00f3n de Parma, el Parmigiano Reggiano, el preciado Vinagre Bals\u00e1mico Tradicional de Reggio Emilia. Junto a otros muchos productos sabrosos, hijos de la buena tradici\u00f3n gastron\u00f3mica emiliana e italiana.<\/p>","protected":false},"featured_media":0,"comment_status":"closed","ping_status":"closed","template":"","meta":{"_acf_changed":false},"product_cat":[636,635,394],"product_tag":[616],"pais-productos":[38],"marca-productos":[477],"acf":[],"_links":{"self":[{"href":"https:\/\/alpiste.co.cr\/en\/wp-json\/wp\/v2\/product\/5841"}],"collection":[{"href":"https:\/\/alpiste.co.cr\/en\/wp-json\/wp\/v2\/product"}],"about":[{"href":"https:\/\/alpiste.co.cr\/en\/wp-json\/wp\/v2\/types\/product"}],"replies":[{"embeddable":true,"href":"https:\/\/alpiste.co.cr\/en\/wp-json\/wp\/v2\/comments?post=5841"}],"wp:attachment":[{"href":"https:\/\/alpiste.co.cr\/en\/wp-json\/wp\/v2\/media?parent=5841"}],"wp:term":[{"taxonomy":"product_cat","embeddable":true,"href":"https:\/\/alpiste.co.cr\/en\/wp-json\/wp\/v2\/product_cat?post=5841"},{"taxonomy":"product_tag","embeddable":true,"href":"https:\/\/alpiste.co.cr\/en\/wp-json\/wp\/v2\/product_tag?post=5841"},{"taxonomy":"pais-productos","embeddable":true,"href":"https:\/\/alpiste.co.cr\/en\/wp-json\/wp\/v2\/pais-productos?post=5841"},{"taxonomy":"marca-productos","embeddable":true,"href":"https:\/\/alpiste.co.cr\/en\/wp-json\/wp\/v2\/marca-productos?post=5841"}],"curies":[{"name":"wp","href":"https:\/\/api.w.org\/{rel}","templated":true}]}}