{"id":5839,"date":"2022-08-06T02:13:03","date_gmt":"2022-08-05T20:13:03","guid":{"rendered":"https:\/\/alpiste.co.cr\/?post_type=product&#038;p=5839"},"modified":"2022-08-09T03:24:59","modified_gmt":"2022-08-08T21:24:59","slug":"paleta-bellota-100-iberico-5-j-5-6-kg","status":"publish","type":"product","link":"https:\/\/alpiste.co.cr\/en\/product\/paleta-bellota-100-iberico-5-j-5-6-kg\/","title":{"rendered":"Paleta Bellota 100% Iberico 5 J &#8211; 5-6 Kg"},"content":{"rendered":"","protected":false},"excerpt":{"rendered":"<p>Creado en Jabugo, en el suroeste de Espa\u00f1a, cuna del jam\u00f3n ib\u00e9rico de bellota, un jam\u00f3n Cinco Jotas es excepcional en todos los sentidos. Cada jam\u00f3n es \u00fanico y es el resultado de 4 o 5 a\u00f1os de maduraci\u00f3n en las cavas de curaci\u00f3n de Jabugo.<\/p>","protected":false},"featured_media":0,"comment_status":"closed","ping_status":"closed","template":"","meta":{"_acf_changed":false},"product_cat":[636,635,394],"product_tag":[616],"pais-productos":[85],"marca-productos":[397],"acf":[],"_links":{"self":[{"href":"https:\/\/alpiste.co.cr\/en\/wp-json\/wp\/v2\/product\/5839"}],"collection":[{"href":"https:\/\/alpiste.co.cr\/en\/wp-json\/wp\/v2\/product"}],"about":[{"href":"https:\/\/alpiste.co.cr\/en\/wp-json\/wp\/v2\/types\/product"}],"replies":[{"embeddable":true,"href":"https:\/\/alpiste.co.cr\/en\/wp-json\/wp\/v2\/comments?post=5839"}],"wp:attachment":[{"href":"https:\/\/alpiste.co.cr\/en\/wp-json\/wp\/v2\/media?parent=5839"}],"wp:term":[{"taxonomy":"product_cat","embeddable":true,"href":"https:\/\/alpiste.co.cr\/en\/wp-json\/wp\/v2\/product_cat?post=5839"},{"taxonomy":"product_tag","embeddable":true,"href":"https:\/\/alpiste.co.cr\/en\/wp-json\/wp\/v2\/product_tag?post=5839"},{"taxonomy":"pais-productos","embeddable":true,"href":"https:\/\/alpiste.co.cr\/en\/wp-json\/wp\/v2\/pais-productos?post=5839"},{"taxonomy":"marca-productos","embeddable":true,"href":"https:\/\/alpiste.co.cr\/en\/wp-json\/wp\/v2\/marca-productos?post=5839"}],"curies":[{"name":"wp","href":"https:\/\/api.w.org\/{rel}","templated":true}]}}