{"id":5830,"date":"2022-08-06T02:12:58","date_gmt":"2022-08-05T20:12:58","guid":{"rendered":"https:\/\/alpiste.co.cr\/?post_type=product&#038;p=5830"},"modified":"2022-08-09T20:34:49","modified_gmt":"2022-08-09T14:34:49","slug":"prosciutto-di-parma-empaque-1k-gf","status":"publish","type":"product","link":"https:\/\/alpiste.co.cr\/en\/product\/prosciutto-di-parma-empaque-1k-gf\/","title":{"rendered":"Prosciutto Di Parma Empaque 1K Gf"},"content":{"rendered":"","protected":false},"excerpt":{"rendered":"<p>Jam\u00f3n de Parma previamente rebanado procesado siguiendo las normas est\u00e1ndar de la DOP \u201cProsciutto di Parma\u201d. Tiempo m\u00ednimo de curaci\u00f3n 18 meses &#8211; Carne especializada y certificada para Am\u00e9rica.<\/p>","protected":false},"featured_media":0,"comment_status":"closed","ping_status":"closed","template":"","meta":{"_acf_changed":false},"product_cat":[636,635,394],"product_tag":[616],"pais-productos":[38],"marca-productos":[477],"acf":[],"_links":{"self":[{"href":"https:\/\/alpiste.co.cr\/en\/wp-json\/wp\/v2\/product\/5830"}],"collection":[{"href":"https:\/\/alpiste.co.cr\/en\/wp-json\/wp\/v2\/product"}],"about":[{"href":"https:\/\/alpiste.co.cr\/en\/wp-json\/wp\/v2\/types\/product"}],"replies":[{"embeddable":true,"href":"https:\/\/alpiste.co.cr\/en\/wp-json\/wp\/v2\/comments?post=5830"}],"wp:attachment":[{"href":"https:\/\/alpiste.co.cr\/en\/wp-json\/wp\/v2\/media?parent=5830"}],"wp:term":[{"taxonomy":"product_cat","embeddable":true,"href":"https:\/\/alpiste.co.cr\/en\/wp-json\/wp\/v2\/product_cat?post=5830"},{"taxonomy":"product_tag","embeddable":true,"href":"https:\/\/alpiste.co.cr\/en\/wp-json\/wp\/v2\/product_tag?post=5830"},{"taxonomy":"pais-productos","embeddable":true,"href":"https:\/\/alpiste.co.cr\/en\/wp-json\/wp\/v2\/pais-productos?post=5830"},{"taxonomy":"marca-productos","embeddable":true,"href":"https:\/\/alpiste.co.cr\/en\/wp-json\/wp\/v2\/marca-productos?post=5830"}],"curies":[{"name":"wp","href":"https:\/\/api.w.org\/{rel}","templated":true}]}}