{"id":5754,"date":"2022-08-06T02:12:22","date_gmt":"2022-08-05T20:12:22","guid":{"rendered":"https:\/\/alpiste.co.cr\/?post_type=product&#038;p=5754"},"modified":"2022-08-17T21:23:06","modified_gmt":"2022-08-17T15:23:06","slug":"galletas-grisbi-libres-de-gluten-rellenas-de-crema-de-limon-150g","status":"publish","type":"product","link":"https:\/\/alpiste.co.cr\/en\/product\/galletas-grisbi-libres-de-gluten-rellenas-de-crema-de-limon-150g\/","title":{"rendered":"Galletas Grisbi Libres De Gluten Rellenas De Crema De Limon 150G"},"content":{"rendered":"","protected":false},"excerpt":{"rendered":"<p>Esta fresca y aterciopelada galleta de corteza quebrada rellena de lim\u00f3n te lleva en un viaje a la costa sur de Italia, cautiv\u00e1ndote con la inconfundible y embriagadora fragancia de los \u00e1rboles de c\u00edtricos. Libres de gluten.<\/p>","protected":false},"featured_media":6356,"comment_status":"closed","ping_status":"closed","template":"","meta":{"_acf_changed":false},"product_cat":[394,449],"product_tag":[616],"pais-productos":[38],"marca-productos":[646],"acf":[],"_links":{"self":[{"href":"https:\/\/alpiste.co.cr\/en\/wp-json\/wp\/v2\/product\/5754"}],"collection":[{"href":"https:\/\/alpiste.co.cr\/en\/wp-json\/wp\/v2\/product"}],"about":[{"href":"https:\/\/alpiste.co.cr\/en\/wp-json\/wp\/v2\/types\/product"}],"replies":[{"embeddable":true,"href":"https:\/\/alpiste.co.cr\/en\/wp-json\/wp\/v2\/comments?post=5754"}],"wp:featuredmedia":[{"embeddable":true,"href":"https:\/\/alpiste.co.cr\/en\/wp-json\/wp\/v2\/media\/6356"}],"wp:attachment":[{"href":"https:\/\/alpiste.co.cr\/en\/wp-json\/wp\/v2\/media?parent=5754"}],"wp:term":[{"taxonomy":"product_cat","embeddable":true,"href":"https:\/\/alpiste.co.cr\/en\/wp-json\/wp\/v2\/product_cat?post=5754"},{"taxonomy":"product_tag","embeddable":true,"href":"https:\/\/alpiste.co.cr\/en\/wp-json\/wp\/v2\/product_tag?post=5754"},{"taxonomy":"pais-productos","embeddable":true,"href":"https:\/\/alpiste.co.cr\/en\/wp-json\/wp\/v2\/pais-productos?post=5754"},{"taxonomy":"marca-productos","embeddable":true,"href":"https:\/\/alpiste.co.cr\/en\/wp-json\/wp\/v2\/marca-productos?post=5754"}],"curies":[{"name":"wp","href":"https:\/\/api.w.org\/{rel}","templated":true}]}}