{"id":5746,"date":"2022-08-06T02:12:17","date_gmt":"2022-08-05T20:12:17","guid":{"rendered":"https:\/\/alpiste.co.cr\/?post_type=product&#038;p=5746"},"modified":"2022-08-17T21:23:07","modified_gmt":"2022-08-17T15:23:07","slug":"amaretti-galletas-200gr","status":"publish","type":"product","link":"https:\/\/alpiste.co.cr\/en\/product\/amaretti-galletas-200gr\/","title":{"rendered":"Amaretti Galletas 200Gr"},"content":{"rendered":"","protected":false},"excerpt":{"rendered":"<p>Perfectas en cualquier momento del d\u00eda, solas o con t\u00e9 o caf\u00e9, estas galletas son tambi\u00e9n un delicioso ingrediente para enriquecer tus postres, tanto cremosos como horneados.<\/p>","protected":false},"featured_media":6364,"comment_status":"closed","ping_status":"closed","template":"","meta":{"_acf_changed":false},"product_cat":[394,449],"product_tag":[616],"pais-productos":[38],"marca-productos":[646],"acf":[],"_links":{"self":[{"href":"https:\/\/alpiste.co.cr\/en\/wp-json\/wp\/v2\/product\/5746"}],"collection":[{"href":"https:\/\/alpiste.co.cr\/en\/wp-json\/wp\/v2\/product"}],"about":[{"href":"https:\/\/alpiste.co.cr\/en\/wp-json\/wp\/v2\/types\/product"}],"replies":[{"embeddable":true,"href":"https:\/\/alpiste.co.cr\/en\/wp-json\/wp\/v2\/comments?post=5746"}],"wp:featuredmedia":[{"embeddable":true,"href":"https:\/\/alpiste.co.cr\/en\/wp-json\/wp\/v2\/media\/6364"}],"wp:attachment":[{"href":"https:\/\/alpiste.co.cr\/en\/wp-json\/wp\/v2\/media?parent=5746"}],"wp:term":[{"taxonomy":"product_cat","embeddable":true,"href":"https:\/\/alpiste.co.cr\/en\/wp-json\/wp\/v2\/product_cat?post=5746"},{"taxonomy":"product_tag","embeddable":true,"href":"https:\/\/alpiste.co.cr\/en\/wp-json\/wp\/v2\/product_tag?post=5746"},{"taxonomy":"pais-productos","embeddable":true,"href":"https:\/\/alpiste.co.cr\/en\/wp-json\/wp\/v2\/pais-productos?post=5746"},{"taxonomy":"marca-productos","embeddable":true,"href":"https:\/\/alpiste.co.cr\/en\/wp-json\/wp\/v2\/marca-productos?post=5746"}],"curies":[{"name":"wp","href":"https:\/\/api.w.org\/{rel}","templated":true}]}}