{"id":5745,"date":"2022-08-06T02:12:17","date_gmt":"2022-08-05T20:12:17","guid":{"rendered":"https:\/\/alpiste.co.cr\/?post_type=product&#038;p=5745"},"modified":"2022-08-17T21:23:11","modified_gmt":"2022-08-17T15:23:11","slug":"lenguas-de-gato-100g","status":"publish","type":"product","link":"https:\/\/alpiste.co.cr\/en\/product\/lenguas-de-gato-100g\/","title":{"rendered":"Lenguas De Gato 100G"},"content":{"rendered":"","protected":false},"excerpt":{"rendered":"<p>Hechos con nada m\u00e1s que claras de huevo, az\u00facar, mantequilla y harina, los Finger Biscuits son perfectos como un refrigerio ligero con t\u00e9 o caf\u00e9, o para disfrutar con natillas, budines o helado.<\/p>","protected":false},"featured_media":6419,"comment_status":"closed","ping_status":"closed","template":"","meta":{"_acf_changed":false},"product_cat":[394,449],"product_tag":[616],"pais-productos":[38],"marca-productos":[646],"acf":[],"_links":{"self":[{"href":"https:\/\/alpiste.co.cr\/en\/wp-json\/wp\/v2\/product\/5745"}],"collection":[{"href":"https:\/\/alpiste.co.cr\/en\/wp-json\/wp\/v2\/product"}],"about":[{"href":"https:\/\/alpiste.co.cr\/en\/wp-json\/wp\/v2\/types\/product"}],"replies":[{"embeddable":true,"href":"https:\/\/alpiste.co.cr\/en\/wp-json\/wp\/v2\/comments?post=5745"}],"wp:featuredmedia":[{"embeddable":true,"href":"https:\/\/alpiste.co.cr\/en\/wp-json\/wp\/v2\/media\/6419"}],"wp:attachment":[{"href":"https:\/\/alpiste.co.cr\/en\/wp-json\/wp\/v2\/media?parent=5745"}],"wp:term":[{"taxonomy":"product_cat","embeddable":true,"href":"https:\/\/alpiste.co.cr\/en\/wp-json\/wp\/v2\/product_cat?post=5745"},{"taxonomy":"product_tag","embeddable":true,"href":"https:\/\/alpiste.co.cr\/en\/wp-json\/wp\/v2\/product_tag?post=5745"},{"taxonomy":"pais-productos","embeddable":true,"href":"https:\/\/alpiste.co.cr\/en\/wp-json\/wp\/v2\/pais-productos?post=5745"},{"taxonomy":"marca-productos","embeddable":true,"href":"https:\/\/alpiste.co.cr\/en\/wp-json\/wp\/v2\/marca-productos?post=5745"}],"curies":[{"name":"wp","href":"https:\/\/api.w.org\/{rel}","templated":true}]}}