{"id":5743,"date":"2022-08-06T02:12:16","date_gmt":"2022-08-05T20:12:16","guid":{"rendered":"https:\/\/alpiste.co.cr\/?post_type=product&#038;p=5743"},"modified":"2022-08-17T21:23:12","modified_gmt":"2022-08-17T15:23:12","slug":"minisnack-de-milhojas-relleno-de-crema-pastelera-125g","status":"publish","type":"product","link":"https:\/\/alpiste.co.cr\/en\/product\/minisnack-de-milhojas-relleno-de-crema-pastelera-125g\/","title":{"rendered":"Minisnack De Milhojas Relleno De Crema Pastelera 125G"},"content":{"rendered":"","protected":false},"excerpt":{"rendered":"<p>La pasteler\u00eda m\u00e1s fina y lujosa en una porci\u00f3n perfecta y vers\u00e1til del tama\u00f1o de un refrigerio. Simplemente ideal para cualquiera que busque un bocado dulce listo para llevar.<\/p>","protected":false},"featured_media":6367,"comment_status":"closed","ping_status":"closed","template":"","meta":{"_acf_changed":false},"product_cat":[394,449],"product_tag":[616],"pais-productos":[38],"marca-productos":[646],"acf":[],"_links":{"self":[{"href":"https:\/\/alpiste.co.cr\/en\/wp-json\/wp\/v2\/product\/5743"}],"collection":[{"href":"https:\/\/alpiste.co.cr\/en\/wp-json\/wp\/v2\/product"}],"about":[{"href":"https:\/\/alpiste.co.cr\/en\/wp-json\/wp\/v2\/types\/product"}],"replies":[{"embeddable":true,"href":"https:\/\/alpiste.co.cr\/en\/wp-json\/wp\/v2\/comments?post=5743"}],"wp:featuredmedia":[{"embeddable":true,"href":"https:\/\/alpiste.co.cr\/en\/wp-json\/wp\/v2\/media\/6367"}],"wp:attachment":[{"href":"https:\/\/alpiste.co.cr\/en\/wp-json\/wp\/v2\/media?parent=5743"}],"wp:term":[{"taxonomy":"product_cat","embeddable":true,"href":"https:\/\/alpiste.co.cr\/en\/wp-json\/wp\/v2\/product_cat?post=5743"},{"taxonomy":"product_tag","embeddable":true,"href":"https:\/\/alpiste.co.cr\/en\/wp-json\/wp\/v2\/product_tag?post=5743"},{"taxonomy":"pais-productos","embeddable":true,"href":"https:\/\/alpiste.co.cr\/en\/wp-json\/wp\/v2\/pais-productos?post=5743"},{"taxonomy":"marca-productos","embeddable":true,"href":"https:\/\/alpiste.co.cr\/en\/wp-json\/wp\/v2\/marca-productos?post=5743"}],"curies":[{"name":"wp","href":"https:\/\/api.w.org\/{rel}","templated":true}]}}