{"id":5739,"date":"2022-08-06T02:12:14","date_gmt":"2022-08-05T20:12:14","guid":{"rendered":"https:\/\/alpiste.co.cr\/?post_type=product&#038;p=5739"},"modified":"2022-08-17T21:23:12","modified_gmt":"2022-08-17T15:23:12","slug":"dedos-de-senora-400g","status":"publish","type":"product","link":"https:\/\/alpiste.co.cr\/en\/product\/dedos-de-senora-400g\/","title":{"rendered":"Dedos De Se\u00f1ora 400G"},"content":{"rendered":"","protected":false},"excerpt":{"rendered":"<p>Vicenzovo Ladyfingers son las galletas perfectas para mojar en caf\u00e9, as\u00ed como el ingrediente principal para un excelente Tiramis\u00fa, un delicioso pastel de charlotte u otros postres suaves.<\/p>","protected":false},"featured_media":6371,"comment_status":"closed","ping_status":"closed","template":"","meta":{"_acf_changed":false},"product_cat":[394,449],"product_tag":[616],"pais-productos":[38],"marca-productos":[646],"acf":[],"_links":{"self":[{"href":"https:\/\/alpiste.co.cr\/en\/wp-json\/wp\/v2\/product\/5739"}],"collection":[{"href":"https:\/\/alpiste.co.cr\/en\/wp-json\/wp\/v2\/product"}],"about":[{"href":"https:\/\/alpiste.co.cr\/en\/wp-json\/wp\/v2\/types\/product"}],"replies":[{"embeddable":true,"href":"https:\/\/alpiste.co.cr\/en\/wp-json\/wp\/v2\/comments?post=5739"}],"wp:featuredmedia":[{"embeddable":true,"href":"https:\/\/alpiste.co.cr\/en\/wp-json\/wp\/v2\/media\/6371"}],"wp:attachment":[{"href":"https:\/\/alpiste.co.cr\/en\/wp-json\/wp\/v2\/media?parent=5739"}],"wp:term":[{"taxonomy":"product_cat","embeddable":true,"href":"https:\/\/alpiste.co.cr\/en\/wp-json\/wp\/v2\/product_cat?post=5739"},{"taxonomy":"product_tag","embeddable":true,"href":"https:\/\/alpiste.co.cr\/en\/wp-json\/wp\/v2\/product_tag?post=5739"},{"taxonomy":"pais-productos","embeddable":true,"href":"https:\/\/alpiste.co.cr\/en\/wp-json\/wp\/v2\/pais-productos?post=5739"},{"taxonomy":"marca-productos","embeddable":true,"href":"https:\/\/alpiste.co.cr\/en\/wp-json\/wp\/v2\/marca-productos?post=5739"}],"curies":[{"name":"wp","href":"https:\/\/api.w.org\/{rel}","templated":true}]}}