{"id":5733,"date":"2022-08-06T02:12:11","date_gmt":"2022-08-05T20:12:11","guid":{"rendered":"https:\/\/alpiste.co.cr\/?post_type=product&#038;p=5733"},"modified":"2022-08-17T21:23:14","modified_gmt":"2022-08-17T15:23:14","slug":"cannellini-alubias-goya-439gr","status":"publish","type":"product","link":"https:\/\/alpiste.co.cr\/en\/product\/cannellini-alubias-goya-439gr\/","title":{"rendered":"Cannellini Alubias Goya 439Gr"},"content":{"rendered":"","protected":false},"excerpt":{"rendered":"<p>Deliciosas y vers\u00e1tiles. Adem\u00e1s, son una buena fuente de fibra y libres de grasa. \u00daselas para preparar sopas, estofados y hasta deliciosas ensaladas.<\/p>","protected":false},"featured_media":6375,"comment_status":"closed","ping_status":"closed","template":"","meta":{"_acf_changed":false},"product_cat":[394,421],"product_tag":[616],"pais-productos":[237],"marca-productos":[487],"acf":[],"_links":{"self":[{"href":"https:\/\/alpiste.co.cr\/en\/wp-json\/wp\/v2\/product\/5733"}],"collection":[{"href":"https:\/\/alpiste.co.cr\/en\/wp-json\/wp\/v2\/product"}],"about":[{"href":"https:\/\/alpiste.co.cr\/en\/wp-json\/wp\/v2\/types\/product"}],"replies":[{"embeddable":true,"href":"https:\/\/alpiste.co.cr\/en\/wp-json\/wp\/v2\/comments?post=5733"}],"wp:featuredmedia":[{"embeddable":true,"href":"https:\/\/alpiste.co.cr\/en\/wp-json\/wp\/v2\/media\/6375"}],"wp:attachment":[{"href":"https:\/\/alpiste.co.cr\/en\/wp-json\/wp\/v2\/media?parent=5733"}],"wp:term":[{"taxonomy":"product_cat","embeddable":true,"href":"https:\/\/alpiste.co.cr\/en\/wp-json\/wp\/v2\/product_cat?post=5733"},{"taxonomy":"product_tag","embeddable":true,"href":"https:\/\/alpiste.co.cr\/en\/wp-json\/wp\/v2\/product_tag?post=5733"},{"taxonomy":"pais-productos","embeddable":true,"href":"https:\/\/alpiste.co.cr\/en\/wp-json\/wp\/v2\/pais-productos?post=5733"},{"taxonomy":"marca-productos","embeddable":true,"href":"https:\/\/alpiste.co.cr\/en\/wp-json\/wp\/v2\/marca-productos?post=5733"}],"curies":[{"name":"wp","href":"https:\/\/api.w.org\/{rel}","templated":true}]}}