{"id":5732,"date":"2022-08-06T02:12:11","date_gmt":"2022-08-05T20:12:11","guid":{"rendered":"https:\/\/alpiste.co.cr\/?post_type=product&#038;p=5732"},"modified":"2022-08-17T21:23:14","modified_gmt":"2022-08-17T15:23:14","slug":"arroz-tipo-paella-negra-goya-539gr","status":"publish","type":"product","link":"https:\/\/alpiste.co.cr\/en\/product\/arroz-tipo-paella-negra-goya-539gr\/","title":{"rendered":"Arroz Tipo Paella Negra Goya 539Gr"},"content":{"rendered":"","protected":false},"excerpt":{"rendered":"<p>Pruebe esta receta cl\u00e1sica espa\u00f1ola, lista para conquistar paladares. En solo 30 minutos, la Paella Negra GOYA\u00ae le dar\u00e1 un toque aut\u00e9ntico a su men\u00fa.<\/p>","protected":false},"featured_media":6376,"comment_status":"closed","ping_status":"closed","template":"","meta":{"_acf_changed":false},"product_cat":[394,464],"product_tag":[616],"pais-productos":[237],"marca-productos":[487],"acf":[],"_links":{"self":[{"href":"https:\/\/alpiste.co.cr\/en\/wp-json\/wp\/v2\/product\/5732"}],"collection":[{"href":"https:\/\/alpiste.co.cr\/en\/wp-json\/wp\/v2\/product"}],"about":[{"href":"https:\/\/alpiste.co.cr\/en\/wp-json\/wp\/v2\/types\/product"}],"replies":[{"embeddable":true,"href":"https:\/\/alpiste.co.cr\/en\/wp-json\/wp\/v2\/comments?post=5732"}],"wp:featuredmedia":[{"embeddable":true,"href":"https:\/\/alpiste.co.cr\/en\/wp-json\/wp\/v2\/media\/6376"}],"wp:attachment":[{"href":"https:\/\/alpiste.co.cr\/en\/wp-json\/wp\/v2\/media?parent=5732"}],"wp:term":[{"taxonomy":"product_cat","embeddable":true,"href":"https:\/\/alpiste.co.cr\/en\/wp-json\/wp\/v2\/product_cat?post=5732"},{"taxonomy":"product_tag","embeddable":true,"href":"https:\/\/alpiste.co.cr\/en\/wp-json\/wp\/v2\/product_tag?post=5732"},{"taxonomy":"pais-productos","embeddable":true,"href":"https:\/\/alpiste.co.cr\/en\/wp-json\/wp\/v2\/pais-productos?post=5732"},{"taxonomy":"marca-productos","embeddable":true,"href":"https:\/\/alpiste.co.cr\/en\/wp-json\/wp\/v2\/marca-productos?post=5732"}],"curies":[{"name":"wp","href":"https:\/\/api.w.org\/{rel}","templated":true}]}}