{"id":568,"date":"2021-11-20T20:41:59","date_gmt":"2021-11-20T20:41:59","guid":{"rendered":"https:\/\/alpiste.co.cr\/product\/grappa-bianca-del-chiostro\/"},"modified":"2022-09-02T00:10:53","modified_gmt":"2022-09-01T18:10:53","slug":"grappa-bianca-del-chiostro","status":"publish","type":"product","link":"https:\/\/alpiste.co.cr\/en\/product\/grappa-bianca-del-chiostro\/","title":{"rendered":"Grappa Bianca Del Chiostro"},"content":{"rendered":"<p>https:\/\/alpiste.co.cr\/product\/grappa-bianca-del-chiostro\/<\/p>","protected":false},"excerpt":{"rendered":"<p>Grappa es el nombre con el que se conoce en Italia al aguardiente (destilado) de los<br \/>\norujos (hollejos de la uva). Es un destilado de vino. La Grappa pertenece a la familia de los destilados de vino. Se le suele disfrutar<br \/>\ncomo aperitivo, en cocteler\u00eda, como digestivo y hasta con el caf\u00e9. Notas de cata: De color l\u00edmpido y cristalino, con un marcado Bouquet. Su sabor es<br \/>\nsuave y delicado.<\/p>","protected":false},"featured_media":432,"comment_status":"closed","ping_status":"closed","template":"","meta":{"_acf_changed":false},"product_cat":[29,44],"product_tag":[],"pais-productos":[38,45],"marca-productos":[75],"acf":[],"_links":{"self":[{"href":"https:\/\/alpiste.co.cr\/en\/wp-json\/wp\/v2\/product\/568"}],"collection":[{"href":"https:\/\/alpiste.co.cr\/en\/wp-json\/wp\/v2\/product"}],"about":[{"href":"https:\/\/alpiste.co.cr\/en\/wp-json\/wp\/v2\/types\/product"}],"replies":[{"embeddable":true,"href":"https:\/\/alpiste.co.cr\/en\/wp-json\/wp\/v2\/comments?post=568"}],"wp:featuredmedia":[{"embeddable":true,"href":"https:\/\/alpiste.co.cr\/en\/wp-json\/wp\/v2\/media\/432"}],"wp:attachment":[{"href":"https:\/\/alpiste.co.cr\/en\/wp-json\/wp\/v2\/media?parent=568"}],"wp:term":[{"taxonomy":"product_cat","embeddable":true,"href":"https:\/\/alpiste.co.cr\/en\/wp-json\/wp\/v2\/product_cat?post=568"},{"taxonomy":"product_tag","embeddable":true,"href":"https:\/\/alpiste.co.cr\/en\/wp-json\/wp\/v2\/product_tag?post=568"},{"taxonomy":"pais-productos","embeddable":true,"href":"https:\/\/alpiste.co.cr\/en\/wp-json\/wp\/v2\/pais-productos?post=568"},{"taxonomy":"marca-productos","embeddable":true,"href":"https:\/\/alpiste.co.cr\/en\/wp-json\/wp\/v2\/marca-productos?post=568"}],"curies":[{"name":"wp","href":"https:\/\/api.w.org\/{rel}","templated":true}]}}