{"id":5677,"date":"2022-08-06T02:11:43","date_gmt":"2022-08-05T20:11:43","guid":{"rendered":"https:\/\/alpiste.co.cr\/?post_type=product&#038;p=5677"},"modified":"2025-05-21T22:09:41","modified_gmt":"2025-05-21T16:09:41","slug":"mezcla-harina-sin-gluten-5stagioni-1k","status":"publish","type":"product","link":"https:\/\/alpiste.co.cr\/en\/product\/mezcla-harina-sin-gluten-5stagioni-1k\/","title":{"rendered":"Mezcla Harina Sin Gluten Le 5 Stagioni 1K"},"content":{"rendered":"","protected":false},"excerpt":{"rendered":"<p><span class=\"_fadeIn_m1hgl_8\">Una <\/span><span class=\"_fadeIn_m1hgl_8\">mezcla <\/span><span class=\"_fadeIn_m1hgl_8\">especialmente <\/span><span class=\"_fadeIn_m1hgl_8\">formulada <\/span><span class=\"_fadeIn_m1hgl_8\">para <\/span><span class=\"_fadeIn_m1hgl_8\">pizzas, <\/span><span class=\"_fadeIn_m1hgl_8\">hecha <\/span><span class=\"_fadeIn_m1hgl_8\">con <\/span><span class=\"_fadeIn_m1hgl_8\">ingredientes <\/span><span class=\"_fadeIn_m1hgl_8\">naturalmente <\/span><span class=\"_fadeIn_m1hgl_8\">libres <\/span><span class=\"_fadeIn_m1hgl_8\">de <\/span><span class=\"_fadeIn_m1hgl_8\">gluten <\/span><span class=\"_fadeIn_m1hgl_8\">y <\/span><span class=\"_fadeIn_m1hgl_8\">l\u00e1cteos. <\/span><span class=\"_fadeIn_m1hgl_8\">Su <\/span><span class=\"_fadeIn_m1hgl_8\">composici\u00f3n <\/span><span class=\"_fadeIn_m1hgl_8\">permite <\/span><span class=\"_fadeIn_m1hgl_8\">obtener <\/span><span class=\"_fadeIn_m1hgl_8\">pizzas <\/span><span class=\"_fadeIn_m1hgl_8\">sin <\/span><span class=\"_fadeIn_m1hgl_8\">gluten, <\/span><span class=\"_fadeIn_m1hgl_8\">ligeras <\/span><span class=\"_fadeIn_m1hgl_8\">y <\/span><span class=\"_fadeIn_m1hgl_8\">de <\/span><span class=\"_fadeIn_m1hgl_8\">f\u00e1cil <\/span><span class=\"_fadeIn_m1hgl_8\">digesti\u00f3n. <\/span><span class=\"_fadeIn_m1hgl_8\">Es <\/span><span class=\"_fadeIn_m1hgl_8\">pr\u00e1ctica, <\/span><span class=\"_fadeIn_m1hgl_8\">f\u00e1cil <\/span><span class=\"_fadeIn_m1hgl_8\">de <\/span><span class=\"_fadeIn_m1hgl_8\">preparar <\/span><span class=\"_fadeIn_m1hgl_8\">y <\/span><span class=\"_fadeIn_m1hgl_8\">ofrece <\/span><span class=\"_fadeIn_m1hgl_8\">resultados <\/span><span class=\"_fadeIn_m1hgl_8\">excepcionales <\/span><span class=\"_fadeIn_m1hgl_8\">cada <\/span><span class=\"_fadeIn_m1hgl_8\">vez <\/span><span class=\"_fadeIn_m1hgl_8\">que <\/span><span class=\"_fadeIn_m1hgl_8\">se <\/span><span class=\"_fadeIn_m1hgl_8\">utiliza.<\/span><\/p>\n<p><strong>Ingredientes<\/strong><\/p>\n<p>Almid\u00f3n de ma\u00edz, f\u00e9cula de patata, sal, fibra de semillas de psilio, harina de legumbres (guisante), az\u00facar, fibra vegetal (patata, guisante, arroz, lino), harina de mijo, espesantes: E464, inulina, harina de semillas de lino, harina de arroz, bicarbonato de sodio, harina de semillas de guar, aromas naturales, pirofosfato de sodio, dextrosa.<\/p>","protected":false},"featured_media":8417,"comment_status":"closed","ping_status":"closed","template":"","meta":{"_acf_changed":false},"product_cat":[394,410],"product_tag":[616],"pais-productos":[38],"marca-productos":[643],"acf":[],"_links":{"self":[{"href":"https:\/\/alpiste.co.cr\/en\/wp-json\/wp\/v2\/product\/5677"}],"collection":[{"href":"https:\/\/alpiste.co.cr\/en\/wp-json\/wp\/v2\/product"}],"about":[{"href":"https:\/\/alpiste.co.cr\/en\/wp-json\/wp\/v2\/types\/product"}],"replies":[{"embeddable":true,"href":"https:\/\/alpiste.co.cr\/en\/wp-json\/wp\/v2\/comments?post=5677"}],"wp:featuredmedia":[{"embeddable":true,"href":"https:\/\/alpiste.co.cr\/en\/wp-json\/wp\/v2\/media\/8417"}],"wp:attachment":[{"href":"https:\/\/alpiste.co.cr\/en\/wp-json\/wp\/v2\/media?parent=5677"}],"wp:term":[{"taxonomy":"product_cat","embeddable":true,"href":"https:\/\/alpiste.co.cr\/en\/wp-json\/wp\/v2\/product_cat?post=5677"},{"taxonomy":"product_tag","embeddable":true,"href":"https:\/\/alpiste.co.cr\/en\/wp-json\/wp\/v2\/product_tag?post=5677"},{"taxonomy":"pais-productos","embeddable":true,"href":"https:\/\/alpiste.co.cr\/en\/wp-json\/wp\/v2\/pais-productos?post=5677"},{"taxonomy":"marca-productos","embeddable":true,"href":"https:\/\/alpiste.co.cr\/en\/wp-json\/wp\/v2\/marca-productos?post=5677"}],"curies":[{"name":"wp","href":"https:\/\/api.w.org\/{rel}","templated":true}]}}