{"id":562,"date":"2021-11-21T02:41:55","date_gmt":"2021-11-20T20:41:55","guid":{"rendered":"https:\/\/alpiste.co.cr\/product\/alkermes-lazzaroni\/"},"modified":"2022-12-22T22:29:02","modified_gmt":"2022-12-22T16:29:02","slug":"alkermes-lazzaroni","status":"publish","type":"product","link":"https:\/\/alpiste.co.cr\/en\/product\/alkermes-lazzaroni\/","title":{"rendered":"Alkermes Lazaroni 500 mL"},"content":{"rendered":"<p>https:\/\/alpiste.co.cr\/product\/alkermes-lazzaroni\/<\/p>","protected":false},"excerpt":{"rendered":"<p>Este es uno de los cl\u00e1sicos licores Italianos.<br \/>\nSe obtiene de la infusi\u00f3n de algunas esencias, hierbas en un alcohol base, luego se adiciona el az\u00facar y el colorante.<br \/>\nSe puede disfrutar solo (fr\u00edo preferiblemente). Tambi\u00e9n es utilizado en la pasteler\u00eda. <\/p>","protected":false},"featured_media":430,"comment_status":"closed","ping_status":"open","template":"","meta":{"_acf_changed":false},"product_cat":[29,44],"product_tag":[],"pais-productos":[38,74],"marca-productos":[75],"acf":[],"_links":{"self":[{"href":"https:\/\/alpiste.co.cr\/en\/wp-json\/wp\/v2\/product\/562"}],"collection":[{"href":"https:\/\/alpiste.co.cr\/en\/wp-json\/wp\/v2\/product"}],"about":[{"href":"https:\/\/alpiste.co.cr\/en\/wp-json\/wp\/v2\/types\/product"}],"replies":[{"embeddable":true,"href":"https:\/\/alpiste.co.cr\/en\/wp-json\/wp\/v2\/comments?post=562"}],"wp:featuredmedia":[{"embeddable":true,"href":"https:\/\/alpiste.co.cr\/en\/wp-json\/wp\/v2\/media\/430"}],"wp:attachment":[{"href":"https:\/\/alpiste.co.cr\/en\/wp-json\/wp\/v2\/media?parent=562"}],"wp:term":[{"taxonomy":"product_cat","embeddable":true,"href":"https:\/\/alpiste.co.cr\/en\/wp-json\/wp\/v2\/product_cat?post=562"},{"taxonomy":"product_tag","embeddable":true,"href":"https:\/\/alpiste.co.cr\/en\/wp-json\/wp\/v2\/product_tag?post=562"},{"taxonomy":"pais-productos","embeddable":true,"href":"https:\/\/alpiste.co.cr\/en\/wp-json\/wp\/v2\/pais-productos?post=562"},{"taxonomy":"marca-productos","embeddable":true,"href":"https:\/\/alpiste.co.cr\/en\/wp-json\/wp\/v2\/marca-productos?post=562"}],"curies":[{"name":"wp","href":"https:\/\/api.w.org\/{rel}","templated":true}]}}