{"id":5071,"date":"2021-12-15T07:06:34","date_gmt":"2021-12-15T07:06:34","guid":{"rendered":"https:\/\/alpiste.co.cr\/product\/gran-rosso-ermes-rice\/"},"modified":"2022-07-30T08:57:38","modified_gmt":"2022-07-30T02:57:38","slug":"gran-rosso-ermes-rice","status":"publish","type":"product","link":"https:\/\/alpiste.co.cr\/en\/product\/gran-rosso-ermes-rice\/","title":{"rendered":"Gran Rosso ermes rice"},"content":{"rendered":"<p>https:\/\/alpiste.co.cr\/product\/gran-rosso-ermes-rice\/<\/p>","protected":false},"excerpt":{"rendered":"<p>El arroz Ermes es rico en antocianinas antioxidantes. Posee importantes cantidades de hierro, por lo que es muy eficaz en la lucha contra los casos de anemia o fatiga. Es fuente de magnesio, una sal mineral que regula muchas funciones org\u00e1nicas, y tambi\u00e9n fuente de fibra y f\u00f3sforo. Puede utilizar Ermes Rice para guarniciones, ensaladas frescas o pescado.<\/p>","protected":false},"featured_media":3404,"comment_status":"closed","ping_status":"open","template":"","meta":{"_acf_changed":false},"product_cat":[394,464],"product_tag":[],"pais-productos":[38],"marca-productos":[598],"acf":[],"_links":{"self":[{"href":"https:\/\/alpiste.co.cr\/en\/wp-json\/wp\/v2\/product\/5071"}],"collection":[{"href":"https:\/\/alpiste.co.cr\/en\/wp-json\/wp\/v2\/product"}],"about":[{"href":"https:\/\/alpiste.co.cr\/en\/wp-json\/wp\/v2\/types\/product"}],"replies":[{"embeddable":true,"href":"https:\/\/alpiste.co.cr\/en\/wp-json\/wp\/v2\/comments?post=5071"}],"wp:featuredmedia":[{"embeddable":true,"href":"https:\/\/alpiste.co.cr\/en\/wp-json\/wp\/v2\/media\/3404"}],"wp:attachment":[{"href":"https:\/\/alpiste.co.cr\/en\/wp-json\/wp\/v2\/media?parent=5071"}],"wp:term":[{"taxonomy":"product_cat","embeddable":true,"href":"https:\/\/alpiste.co.cr\/en\/wp-json\/wp\/v2\/product_cat?post=5071"},{"taxonomy":"product_tag","embeddable":true,"href":"https:\/\/alpiste.co.cr\/en\/wp-json\/wp\/v2\/product_tag?post=5071"},{"taxonomy":"pais-productos","embeddable":true,"href":"https:\/\/alpiste.co.cr\/en\/wp-json\/wp\/v2\/pais-productos?post=5071"},{"taxonomy":"marca-productos","embeddable":true,"href":"https:\/\/alpiste.co.cr\/en\/wp-json\/wp\/v2\/marca-productos?post=5071"}],"curies":[{"name":"wp","href":"https:\/\/api.w.org\/{rel}","templated":true}]}}