{"id":5063,"date":"2021-12-15T07:06:28","date_gmt":"2021-12-15T07:06:28","guid":{"rendered":"https:\/\/alpiste.co.cr\/product\/arroz-para-sushi-hakumaki\/"},"modified":"2022-08-22T19:33:44","modified_gmt":"2022-08-22T13:33:44","slug":"arroz-para-sushi-hakumaki","status":"publish","type":"product","link":"https:\/\/alpiste.co.cr\/en\/product\/arroz-para-sushi-hakumaki\/","title":{"rendered":"Arroz para Sushi Hakumaki"},"content":{"rendered":"<p>https:\/\/alpiste.co.cr\/product\/arroz-para-sushi-hakumaki\/<\/p>","protected":false},"excerpt":{"rendered":"<p>Es un excelente arroz caracterizado por peque\u00f1os granos redondos que, tras la cocci\u00f3n, adquieren una consistencia pegajosa, perfecta para la preparaci\u00f3n de platos de sushi.<\/p>","protected":false},"featured_media":3402,"comment_status":"closed","ping_status":"closed","template":"","meta":{"_acf_changed":false},"product_cat":[394,464],"product_tag":[],"pais-productos":[38],"marca-productos":[598],"acf":[],"_links":{"self":[{"href":"https:\/\/alpiste.co.cr\/en\/wp-json\/wp\/v2\/product\/5063"}],"collection":[{"href":"https:\/\/alpiste.co.cr\/en\/wp-json\/wp\/v2\/product"}],"about":[{"href":"https:\/\/alpiste.co.cr\/en\/wp-json\/wp\/v2\/types\/product"}],"replies":[{"embeddable":true,"href":"https:\/\/alpiste.co.cr\/en\/wp-json\/wp\/v2\/comments?post=5063"}],"wp:featuredmedia":[{"embeddable":true,"href":"https:\/\/alpiste.co.cr\/en\/wp-json\/wp\/v2\/media\/3402"}],"wp:attachment":[{"href":"https:\/\/alpiste.co.cr\/en\/wp-json\/wp\/v2\/media?parent=5063"}],"wp:term":[{"taxonomy":"product_cat","embeddable":true,"href":"https:\/\/alpiste.co.cr\/en\/wp-json\/wp\/v2\/product_cat?post=5063"},{"taxonomy":"product_tag","embeddable":true,"href":"https:\/\/alpiste.co.cr\/en\/wp-json\/wp\/v2\/product_tag?post=5063"},{"taxonomy":"pais-productos","embeddable":true,"href":"https:\/\/alpiste.co.cr\/en\/wp-json\/wp\/v2\/pais-productos?post=5063"},{"taxonomy":"marca-productos","embeddable":true,"href":"https:\/\/alpiste.co.cr\/en\/wp-json\/wp\/v2\/marca-productos?post=5063"}],"curies":[{"name":"wp","href":"https:\/\/api.w.org\/{rel}","templated":true}]}}