{"id":5042,"date":"2021-12-15T07:06:23","date_gmt":"2021-12-15T07:06:23","guid":{"rendered":"https:\/\/alpiste.co.cr\/product\/arroz-integral\/"},"modified":"2022-07-30T08:57:34","modified_gmt":"2022-07-30T02:57:34","slug":"arroz-integral","status":"publish","type":"product","link":"https:\/\/alpiste.co.cr\/en\/product\/arroz-integral\/","title":{"rendered":"Arroz integral"},"content":{"rendered":"<p>https:\/\/alpiste.co.cr\/product\/arroz-integral\/<\/p>","protected":false},"excerpt":{"rendered":"<p>100% integral. M\u00e1s gusto, m\u00e1s fibras y m\u00e1s f\u00e1cil de preparar. Contiene 4 veces m\u00e1s fibra que el arroz tradicional.<\/p>","protected":false},"featured_media":3285,"comment_status":"closed","ping_status":"open","template":"","meta":{"_acf_changed":false},"product_cat":[394,464],"product_tag":[],"pais-productos":[38],"marca-productos":[598],"acf":[],"_links":{"self":[{"href":"https:\/\/alpiste.co.cr\/en\/wp-json\/wp\/v2\/product\/5042"}],"collection":[{"href":"https:\/\/alpiste.co.cr\/en\/wp-json\/wp\/v2\/product"}],"about":[{"href":"https:\/\/alpiste.co.cr\/en\/wp-json\/wp\/v2\/types\/product"}],"replies":[{"embeddable":true,"href":"https:\/\/alpiste.co.cr\/en\/wp-json\/wp\/v2\/comments?post=5042"}],"wp:featuredmedia":[{"embeddable":true,"href":"https:\/\/alpiste.co.cr\/en\/wp-json\/wp\/v2\/media\/3285"}],"wp:attachment":[{"href":"https:\/\/alpiste.co.cr\/en\/wp-json\/wp\/v2\/media?parent=5042"}],"wp:term":[{"taxonomy":"product_cat","embeddable":true,"href":"https:\/\/alpiste.co.cr\/en\/wp-json\/wp\/v2\/product_cat?post=5042"},{"taxonomy":"product_tag","embeddable":true,"href":"https:\/\/alpiste.co.cr\/en\/wp-json\/wp\/v2\/product_tag?post=5042"},{"taxonomy":"pais-productos","embeddable":true,"href":"https:\/\/alpiste.co.cr\/en\/wp-json\/wp\/v2\/pais-productos?post=5042"},{"taxonomy":"marca-productos","embeddable":true,"href":"https:\/\/alpiste.co.cr\/en\/wp-json\/wp\/v2\/marca-productos?post=5042"}],"curies":[{"name":"wp","href":"https:\/\/api.w.org\/{rel}","templated":true}]}}