{"id":5028,"date":"2021-12-15T13:06:23","date_gmt":"2021-12-15T07:06:23","guid":{"rendered":"https:\/\/alpiste.co.cr\/product\/arroz-arborio\/"},"modified":"2022-12-22T22:33:27","modified_gmt":"2022-12-22T16:33:27","slug":"arroz-arborio","status":"publish","type":"product","link":"https:\/\/alpiste.co.cr\/en\/product\/arroz-arborio\/","title":{"rendered":"Arborio Scotti Rice"},"content":{"rendered":"<p>https:\/\/alpiste.co.cr\/product\/arroz-arborio\/<\/p>","protected":false},"excerpt":{"rendered":"<p>Arroz italiano para el risotto. El origen del nombre proviene de la ciudad cerca de Vercelli donde se origin\u00f3 en 1967, un icono de la calidad del arroz italiano, con un grano m\u00e1s grande que los de otras variedades y un alto contenido de almid\u00f3n.<\/p>","protected":false},"featured_media":3279,"comment_status":"closed","ping_status":"closed","template":"","meta":{"_acf_changed":false},"product_cat":[394,464],"product_tag":[],"pais-productos":[38],"marca-productos":[598],"acf":[],"_links":{"self":[{"href":"https:\/\/alpiste.co.cr\/en\/wp-json\/wp\/v2\/product\/5028"}],"collection":[{"href":"https:\/\/alpiste.co.cr\/en\/wp-json\/wp\/v2\/product"}],"about":[{"href":"https:\/\/alpiste.co.cr\/en\/wp-json\/wp\/v2\/types\/product"}],"replies":[{"embeddable":true,"href":"https:\/\/alpiste.co.cr\/en\/wp-json\/wp\/v2\/comments?post=5028"}],"wp:featuredmedia":[{"embeddable":true,"href":"https:\/\/alpiste.co.cr\/en\/wp-json\/wp\/v2\/media\/3279"}],"wp:attachment":[{"href":"https:\/\/alpiste.co.cr\/en\/wp-json\/wp\/v2\/media?parent=5028"}],"wp:term":[{"taxonomy":"product_cat","embeddable":true,"href":"https:\/\/alpiste.co.cr\/en\/wp-json\/wp\/v2\/product_cat?post=5028"},{"taxonomy":"product_tag","embeddable":true,"href":"https:\/\/alpiste.co.cr\/en\/wp-json\/wp\/v2\/product_tag?post=5028"},{"taxonomy":"pais-productos","embeddable":true,"href":"https:\/\/alpiste.co.cr\/en\/wp-json\/wp\/v2\/pais-productos?post=5028"},{"taxonomy":"marca-productos","embeddable":true,"href":"https:\/\/alpiste.co.cr\/en\/wp-json\/wp\/v2\/marca-productos?post=5028"}],"curies":[{"name":"wp","href":"https:\/\/api.w.org\/{rel}","templated":true}]}}