{"id":4971,"date":"2021-12-15T13:06:07","date_gmt":"2021-12-15T07:06:07","guid":{"rendered":"https:\/\/alpiste.co.cr\/product\/salsa-de-tomate-estilo-napolitano\/"},"modified":"2022-12-22T22:37:02","modified_gmt":"2022-12-22T16:37:02","slug":"salsa-de-tomate-estilo-napolitano","status":"publish","type":"product","link":"https:\/\/alpiste.co.cr\/en\/product\/salsa-de-tomate-estilo-napolitano\/","title":{"rendered":"Salsa De Tomate Estilo Napolitano Rodolfi 400G"},"content":{"rendered":"<p>https:\/\/alpiste.co.cr\/product\/salsa-de-tomate-estilo-napolitano\/<\/p>","protected":false},"excerpt":{"rendered":"<p>Solo tomates italianos para preparar esta salsa de tomate. Con la adici\u00f3n de algunos ingredientes para dar a su plato el mejor sabor de la tradici\u00f3n mediterr\u00e1nea.<\/p>","protected":false},"featured_media":3270,"comment_status":"closed","ping_status":"open","template":"","meta":{"_acf_changed":false},"product_cat":[394,433],"product_tag":[],"pais-productos":[38],"marca-productos":[594],"acf":[],"_links":{"self":[{"href":"https:\/\/alpiste.co.cr\/en\/wp-json\/wp\/v2\/product\/4971"}],"collection":[{"href":"https:\/\/alpiste.co.cr\/en\/wp-json\/wp\/v2\/product"}],"about":[{"href":"https:\/\/alpiste.co.cr\/en\/wp-json\/wp\/v2\/types\/product"}],"replies":[{"embeddable":true,"href":"https:\/\/alpiste.co.cr\/en\/wp-json\/wp\/v2\/comments?post=4971"}],"wp:featuredmedia":[{"embeddable":true,"href":"https:\/\/alpiste.co.cr\/en\/wp-json\/wp\/v2\/media\/3270"}],"wp:attachment":[{"href":"https:\/\/alpiste.co.cr\/en\/wp-json\/wp\/v2\/media?parent=4971"}],"wp:term":[{"taxonomy":"product_cat","embeddable":true,"href":"https:\/\/alpiste.co.cr\/en\/wp-json\/wp\/v2\/product_cat?post=4971"},{"taxonomy":"product_tag","embeddable":true,"href":"https:\/\/alpiste.co.cr\/en\/wp-json\/wp\/v2\/product_tag?post=4971"},{"taxonomy":"pais-productos","embeddable":true,"href":"https:\/\/alpiste.co.cr\/en\/wp-json\/wp\/v2\/pais-productos?post=4971"},{"taxonomy":"marca-productos","embeddable":true,"href":"https:\/\/alpiste.co.cr\/en\/wp-json\/wp\/v2\/marca-productos?post=4971"}],"curies":[{"name":"wp","href":"https:\/\/api.w.org\/{rel}","templated":true}]}}