{"id":4947,"date":"2021-12-15T13:06:02","date_gmt":"2021-12-15T07:06:02","guid":{"rendered":"https:\/\/alpiste.co.cr\/product\/chocolate-maranon\/"},"modified":"2022-12-22T22:37:13","modified_gmt":"2022-12-22T16:37:13","slug":"chocolate-maranon","status":"publish","type":"product","link":"https:\/\/alpiste.co.cr\/en\/product\/chocolate-maranon\/","title":{"rendered":"Chocolate Mara\u00f1on 100Gr Ritter"},"content":{"rendered":"<p>https:\/\/alpiste.co.cr\/product\/chocolate-maranon\/<\/p>","protected":false},"excerpt":{"rendered":"<p>\u00bfPor qu\u00e9 la semilla de mara\u00f1\u00f3n y el cacao van tan bien juntos? Ambos te hacen feliz porque contienen componentes b\u00e1sicos que ayudan al cerebro a producir la &#8220;hormona de la felicidad&#8221;, la serotonina. Para aquellos que piensan que eso es demasiado detalle: la combinaci\u00f3n de semilla de mara\u00f1\u00f3n tostadas y saladas con chocolate con leche crujiente Ritter Sport tambi\u00e9n tiene un sabor delicioso.<\/p>","protected":false},"featured_media":3515,"comment_status":"closed","ping_status":"open","template":"","meta":{"_acf_changed":false},"product_cat":[394,442],"product_tag":[],"pais-productos":[120],"marca-productos":[590],"acf":[],"_links":{"self":[{"href":"https:\/\/alpiste.co.cr\/en\/wp-json\/wp\/v2\/product\/4947"}],"collection":[{"href":"https:\/\/alpiste.co.cr\/en\/wp-json\/wp\/v2\/product"}],"about":[{"href":"https:\/\/alpiste.co.cr\/en\/wp-json\/wp\/v2\/types\/product"}],"replies":[{"embeddable":true,"href":"https:\/\/alpiste.co.cr\/en\/wp-json\/wp\/v2\/comments?post=4947"}],"wp:featuredmedia":[{"embeddable":true,"href":"https:\/\/alpiste.co.cr\/en\/wp-json\/wp\/v2\/media\/3515"}],"wp:attachment":[{"href":"https:\/\/alpiste.co.cr\/en\/wp-json\/wp\/v2\/media?parent=4947"}],"wp:term":[{"taxonomy":"product_cat","embeddable":true,"href":"https:\/\/alpiste.co.cr\/en\/wp-json\/wp\/v2\/product_cat?post=4947"},{"taxonomy":"product_tag","embeddable":true,"href":"https:\/\/alpiste.co.cr\/en\/wp-json\/wp\/v2\/product_tag?post=4947"},{"taxonomy":"pais-productos","embeddable":true,"href":"https:\/\/alpiste.co.cr\/en\/wp-json\/wp\/v2\/pais-productos?post=4947"},{"taxonomy":"marca-productos","embeddable":true,"href":"https:\/\/alpiste.co.cr\/en\/wp-json\/wp\/v2\/marca-productos?post=4947"}],"curies":[{"name":"wp","href":"https:\/\/api.w.org\/{rel}","templated":true}]}}