{"id":4881,"date":"2021-12-15T13:05:40","date_gmt":"2021-12-15T07:05:40","guid":{"rendered":"https:\/\/alpiste.co.cr\/product\/frollis-gluten-free\/"},"modified":"2022-07-30T08:57:20","modified_gmt":"2022-07-30T02:57:20","slug":"frollis-gluten-free","status":"publish","type":"product","link":"https:\/\/alpiste.co.cr\/en\/product\/frollis-gluten-free\/","title":{"rendered":"Frollis Gluten Free"},"content":{"rendered":"<p>https:\/\/alpiste.co.cr\/product\/frollis-gluten-free\/<\/p>","protected":false},"excerpt":{"rendered":"<p>Una innovadora mezcla en polvo de 5 estrellas sin gluten que crea f\u00e1cilmente una masa quebradiza con una textura excepcional para la creaci\u00f3n de innumerables delicias horneadas, incluida una corteza deliciosa para pasteles, tartas, galletas y m\u00e1s.<\/p>","protected":false},"featured_media":3620,"comment_status":"closed","ping_status":"open","template":"","meta":{"_acf_changed":false},"product_cat":[394,573],"product_tag":[],"pais-productos":[38],"marca-productos":[574],"acf":[],"_links":{"self":[{"href":"https:\/\/alpiste.co.cr\/en\/wp-json\/wp\/v2\/product\/4881"}],"collection":[{"href":"https:\/\/alpiste.co.cr\/en\/wp-json\/wp\/v2\/product"}],"about":[{"href":"https:\/\/alpiste.co.cr\/en\/wp-json\/wp\/v2\/types\/product"}],"replies":[{"embeddable":true,"href":"https:\/\/alpiste.co.cr\/en\/wp-json\/wp\/v2\/comments?post=4881"}],"wp:featuredmedia":[{"embeddable":true,"href":"https:\/\/alpiste.co.cr\/en\/wp-json\/wp\/v2\/media\/3620"}],"wp:attachment":[{"href":"https:\/\/alpiste.co.cr\/en\/wp-json\/wp\/v2\/media?parent=4881"}],"wp:term":[{"taxonomy":"product_cat","embeddable":true,"href":"https:\/\/alpiste.co.cr\/en\/wp-json\/wp\/v2\/product_cat?post=4881"},{"taxonomy":"product_tag","embeddable":true,"href":"https:\/\/alpiste.co.cr\/en\/wp-json\/wp\/v2\/product_tag?post=4881"},{"taxonomy":"pais-productos","embeddable":true,"href":"https:\/\/alpiste.co.cr\/en\/wp-json\/wp\/v2\/pais-productos?post=4881"},{"taxonomy":"marca-productos","embeddable":true,"href":"https:\/\/alpiste.co.cr\/en\/wp-json\/wp\/v2\/marca-productos?post=4881"}],"curies":[{"name":"wp","href":"https:\/\/api.w.org\/{rel}","templated":true}]}}