{"id":4872,"date":"2021-12-15T07:05:40","date_gmt":"2021-12-15T07:05:40","guid":{"rendered":"https:\/\/alpiste.co.cr\/product\/base-vegana\/"},"modified":"2022-07-30T08:57:19","modified_gmt":"2022-07-30T02:57:19","slug":"base-vegana","status":"publish","type":"product","link":"https:\/\/alpiste.co.cr\/en\/product\/base-vegana\/","title":{"rendered":"Base Vegana"},"content":{"rendered":"<p>https:\/\/alpiste.co.cr\/product\/base-vegana\/<\/p>","protected":false},"excerpt":{"rendered":"<p>Una base de proceso caliente en polvo que es 100% vegana y no contiene productos de soya elaborados con arroz y manteca de cacao.\u00a0Prepare f\u00e1cilmente tanto sabores cl\u00e1sicos como sorbetes de frutas utilizando pasteurizaci\u00f3n o simplemente agregando agua hirviendo o leche vegetal hirviendo a la mezcla.<\/p>","protected":false},"featured_media":3579,"comment_status":"closed","ping_status":"open","template":"","meta":{"_acf_changed":false},"product_cat":[394,573],"product_tag":[],"pais-productos":[38],"marca-productos":[574],"acf":[],"_links":{"self":[{"href":"https:\/\/alpiste.co.cr\/en\/wp-json\/wp\/v2\/product\/4872"}],"collection":[{"href":"https:\/\/alpiste.co.cr\/en\/wp-json\/wp\/v2\/product"}],"about":[{"href":"https:\/\/alpiste.co.cr\/en\/wp-json\/wp\/v2\/types\/product"}],"replies":[{"embeddable":true,"href":"https:\/\/alpiste.co.cr\/en\/wp-json\/wp\/v2\/comments?post=4872"}],"wp:featuredmedia":[{"embeddable":true,"href":"https:\/\/alpiste.co.cr\/en\/wp-json\/wp\/v2\/media\/3579"}],"wp:attachment":[{"href":"https:\/\/alpiste.co.cr\/en\/wp-json\/wp\/v2\/media?parent=4872"}],"wp:term":[{"taxonomy":"product_cat","embeddable":true,"href":"https:\/\/alpiste.co.cr\/en\/wp-json\/wp\/v2\/product_cat?post=4872"},{"taxonomy":"product_tag","embeddable":true,"href":"https:\/\/alpiste.co.cr\/en\/wp-json\/wp\/v2\/product_tag?post=4872"},{"taxonomy":"pais-productos","embeddable":true,"href":"https:\/\/alpiste.co.cr\/en\/wp-json\/wp\/v2\/pais-productos?post=4872"},{"taxonomy":"marca-productos","embeddable":true,"href":"https:\/\/alpiste.co.cr\/en\/wp-json\/wp\/v2\/marca-productos?post=4872"}],"curies":[{"name":"wp","href":"https:\/\/api.w.org\/{rel}","templated":true}]}}